{"id":7,"date":"2013-09-18T12:18:04","date_gmt":"2013-09-18T09:18:04","guid":{"rendered":"http:\/\/light24.ee\/wp\/cart\/"},"modified":"2025-02-03T17:28:34","modified_gmt":"2025-02-03T15:28:34","slug":"cart","status":"publish","type":"page","link":"https:\/\/light24.net\/fi\/cart\/","title":{"rendered":"Ostoskorini"},"content":{"rendered":"<p><div class=\"woocommerce\"><\/div><\/p>\n","protected":false},"excerpt":{"rendered":"","protected":false},"author":4,"featured_media":0,"parent":0,"menu_order":0,"comment_status":"closed","ping_status":"open","template":"","meta":{"_acf_changed":false,"footnotes":""},"class_list":["post-7","page","type-page","status-publish","hentry"],"acf":[],"aioseo_notices":[],"aioseo_head":"\n\t\t<!-- All in One SEO Pro 4.9.6.2 - aioseo.com -->\n\t<meta name=\"description\" content=\"Ostoskorini | Light24\" \/>\n\t<meta name=\"robots\" content=\"noindex, max-snippet:-1, max-image-preview:large, max-video-preview:-1\" \/>\n\t<meta name=\"google-site-verification\" content=\"nxgDPK3Ouk6bwvuxlwlzeMOKszmf-8m57RDu5zAgN-Y\" \/>\n\t<link rel=\"canonical\" href=\"https:\/\/light24.net\/fi\/cart\/\" \/>\n\t<meta name=\"generator\" content=\"All in One SEO Pro (AIOSEO) 4.9.6.2\" \/>\n\t\t<meta property=\"og:locale\" content=\"fi_FI\" \/>\n\t\t<meta property=\"og:site_name\" content=\"Light24 \u2022 Valon tavaratalo | Ammatillinen valaistusratkaisut\" \/>\n\t\t<meta property=\"og:type\" content=\"article\" \/>\n\t\t<meta property=\"og:title\" content=\"Ostoskorini \u2022 Light24\" \/>\n\t\t<meta property=\"og:description\" content=\"Ostoskorini | Light24\" \/>\n\t\t<meta property=\"og:url\" content=\"https:\/\/light24.net\/fi\/cart\/\" \/>\n\t\t<meta property=\"og:image\" content=\"https:\/\/www.light24.ee\/wp-content\/uploads\/2023\/02\/Light24_valgustid_ja_lambid.jpg\" \/>\n\t\t<meta property=\"og:image:secure_url\" content=\"https:\/\/www.light24.ee\/wp-content\/uploads\/2023\/02\/Light24_valgustid_ja_lambid.jpg\" \/>\n\t\t<meta property=\"article:published_time\" content=\"2013-09-18T09:18:04+00:00\" \/>\n\t\t<meta property=\"article:modified_time\" content=\"2025-02-03T15:28:34+00:00\" \/>\n\t\t<meta property=\"article:publisher\" content=\"https:\/\/www.facebook.com\/light24.ee\" \/>\n\t\t<meta name=\"twitter:card\" content=\"summary\" \/>\n\t\t<meta name=\"twitter:title\" content=\"Ostoskorini \u2022 Light24\" \/>\n\t\t<meta name=\"twitter:description\" content=\"Ostoskorini | Light24\" \/>\n\t\t<meta name=\"twitter:image\" content=\"https:\/\/www.light24.ee\/wp-content\/uploads\/2023\/02\/Light24_valgustid_ja_lambid.jpg\" \/>\n\t\t<script type=\"application\/ld+json\" class=\"aioseo-schema\">\n\t\t\t{\"@context\":\"https:\\\/\\\/schema.org\",\"@graph\":[{\"@type\":\"BreadcrumbList\",\"@id\":\"https:\\\/\\\/light24.net\\\/fi\\\/cart\\\/#breadcrumblist\",\"itemListElement\":[{\"@type\":\"ListItem\",\"@id\":\"https:\\\/\\\/light24.net\\\/fi#listItem\",\"position\":1,\"name\":\"Home\",\"item\":\"https:\\\/\\\/light24.net\\\/fi\",\"nextItem\":{\"@type\":\"ListItem\",\"@id\":\"https:\\\/\\\/light24.net\\\/fi\\\/cart\\\/#listItem\",\"name\":\"Ostoskorini\"}},{\"@type\":\"ListItem\",\"@id\":\"https:\\\/\\\/light24.net\\\/fi\\\/cart\\\/#listItem\",\"position\":2,\"name\":\"Ostoskorini\",\"previousItem\":{\"@type\":\"ListItem\",\"@id\":\"https:\\\/\\\/light24.net\\\/fi#listItem\",\"name\":\"Home\"}}]},{\"@type\":\"Organization\",\"@id\":\"https:\\\/\\\/light24.net\\\/fi\\\/#organization\",\"name\":\"Light24\",\"description\":\"Valon tavaratalo | Ammatillinen valaistusratkaisut\",\"url\":\"https:\\\/\\\/light24.net\\\/fi\\\/\",\"telephone\":\"+3725184133\",\"logo\":{\"@type\":\"ImageObject\",\"url\":\"https:\\\/\\\/www.light24.ee\\\/wp-content\\\/uploads\\\/2022\\\/03\\\/Shape-2-3.svg\",\"@id\":\"https:\\\/\\\/light24.net\\\/fi\\\/cart\\\/#organizationLogo\"},\"image\":{\"@id\":\"https:\\\/\\\/light24.net\\\/fi\\\/cart\\\/#organizationLogo\"},\"sameAs\":[\"https:\\\/\\\/www.facebook.com\\\/light24.ee\",\"https:\\\/\\\/www.instagram.com\\\/light24official\\\/\"]},{\"@type\":\"WebPage\",\"@id\":\"https:\\\/\\\/light24.net\\\/fi\\\/cart\\\/#webpage\",\"url\":\"https:\\\/\\\/light24.net\\\/fi\\\/cart\\\/\",\"name\":\"Ostoskorini \\u2022 Light24\",\"description\":\"Ostoskorini | Light24\",\"inLanguage\":\"fi\",\"isPartOf\":{\"@id\":\"https:\\\/\\\/light24.net\\\/fi\\\/#website\"},\"breadcrumb\":{\"@id\":\"https:\\\/\\\/light24.net\\\/fi\\\/cart\\\/#breadcrumblist\"},\"datePublished\":\"2013-09-18T12:18:04+03:00\",\"dateModified\":\"2025-02-03T17:28:34+02:00\"},{\"@type\":\"WebSite\",\"@id\":\"https:\\\/\\\/light24.net\\\/fi\\\/#website\",\"url\":\"https:\\\/\\\/light24.net\\\/fi\\\/\",\"name\":\"Light24\",\"description\":\"Valon tavaratalo | Ammatillinen valaistusratkaisut\",\"inLanguage\":\"fi\",\"publisher\":{\"@id\":\"https:\\\/\\\/light24.net\\\/fi\\\/#organization\"}}]}\n\t\t<\/script>\n\t\t<!-- All in One SEO Pro -->\r\n\t\t<title>Ostoskorini \u2022 Light24<\/title>\n\n","aioseo_head_json":{"title":"Ostoskorini \u2022 Light24","description":"Ostoskorini | Light24","canonical_url":"https:\/\/light24.net\/fi\/cart\/","robots":"noindex, max-snippet:-1, max-image-preview:large, max-video-preview:-1","keywords":"","webmasterTools":{"google-site-verification":"nxgDPK3Ouk6bwvuxlwlzeMOKszmf-8m57RDu5zAgN-Y","miscellaneous":""},"schema":{"@context":"https:\/\/schema.org","@graph":[{"@type":"BreadcrumbList","@id":"https:\/\/light24.net\/fi\/cart\/#breadcrumblist","itemListElement":[{"@type":"ListItem","@id":"https:\/\/light24.net\/fi#listItem","position":1,"name":"Home","item":"https:\/\/light24.net\/fi","nextItem":{"@type":"ListItem","@id":"https:\/\/light24.net\/fi\/cart\/#listItem","name":"Ostoskorini"}},{"@type":"ListItem","@id":"https:\/\/light24.net\/fi\/cart\/#listItem","position":2,"name":"Ostoskorini","previousItem":{"@type":"ListItem","@id":"https:\/\/light24.net\/fi#listItem","name":"Home"}}]},{"@type":"Organization","@id":"https:\/\/light24.net\/fi\/#organization","name":"Light24","description":"Valon tavaratalo | Ammatillinen valaistusratkaisut","url":"https:\/\/light24.net\/fi\/","telephone":"+3725184133","logo":{"@type":"ImageObject","url":"https:\/\/www.light24.ee\/wp-content\/uploads\/2022\/03\/Shape-2-3.svg","@id":"https:\/\/light24.net\/fi\/cart\/#organizationLogo"},"image":{"@id":"https:\/\/light24.net\/fi\/cart\/#organizationLogo"},"sameAs":["https:\/\/www.facebook.com\/light24.ee","https:\/\/www.instagram.com\/light24official\/"]},{"@type":"WebPage","@id":"https:\/\/light24.net\/fi\/cart\/#webpage","url":"https:\/\/light24.net\/fi\/cart\/","name":"Ostoskorini \u2022 Light24","description":"Ostoskorini | Light24","inLanguage":"fi","isPartOf":{"@id":"https:\/\/light24.net\/fi\/#website"},"breadcrumb":{"@id":"https:\/\/light24.net\/fi\/cart\/#breadcrumblist"},"datePublished":"2013-09-18T12:18:04+03:00","dateModified":"2025-02-03T17:28:34+02:00"},{"@type":"WebSite","@id":"https:\/\/light24.net\/fi\/#website","url":"https:\/\/light24.net\/fi\/","name":"Light24","description":"Valon tavaratalo | Ammatillinen valaistusratkaisut","inLanguage":"fi","publisher":{"@id":"https:\/\/light24.net\/fi\/#organization"}}]},"og:locale":"fi_FI","og:site_name":"Light24 \u2022 Valon tavaratalo | Ammatillinen valaistusratkaisut","og:type":"article","og:title":"Ostoskorini \u2022 Light24","og:description":"Ostoskorini | Light24","og:url":"https:\/\/light24.net\/fi\/cart\/","og:image":"https:\/\/www.light24.ee\/wp-content\/uploads\/2023\/02\/Light24_valgustid_ja_lambid.jpg","og:image:secure_url":"https:\/\/www.light24.ee\/wp-content\/uploads\/2023\/02\/Light24_valgustid_ja_lambid.jpg","article:published_time":"2013-09-18T09:18:04+00:00","article:modified_time":"2025-02-03T15:28:34+00:00","article:publisher":"https:\/\/www.facebook.com\/light24.ee","twitter:card":"summary","twitter:title":"Ostoskorini \u2022 Light24","twitter:description":"Ostoskorini | Light24","twitter:image":"https:\/\/www.light24.ee\/wp-content\/uploads\/2023\/02\/Light24_valgustid_ja_lambid.jpg"},"aioseo_meta_data":{"post_id":"7","title":null,"description":"[:et]Ostukorv | Light24[:en]Checkout | Light24[:fi]Ostoskorini | Light24[:ru]\u041a\u043e\u0440\u0437\u0438\u043d\u0430 | Light24[:lv]Mans grozs | Light24[:lt]Preki\u0173 krep\u0161elis | Light24[:de]Erstklassige Produkte | Light24[es:]Productos de primera calidad | Light24 [fr:]Produits de premi\u00e8re classe | Light24[:]","keywords":[{"label":"[:et]Ostukorv | Light24[:en]Checkout | Light24[:fi]Ostoskorini | Light24[:ru]\u041a\u043e\u0440\u0437\u0438\u043d\u0430 | Light24[:lv]Mans grozs | Light24[:]","value":"[:et]Ostukorv | Light24[:en]Checkout | Light24[:fi]Ostoskorini | Light24[:ru]\u041a\u043e\u0440\u0437\u0438\u043d\u0430 | Light24[:lv]Mans grozs | Light24[:]"}],"keyphrases":{"focus":{"keyphrase":"","score":0,"analysis":{"keyphraseInTitle":{"score":0,"maxScore":9,"error":1}}},"additional":[]},"primary_term":null,"canonical_url":null,"og_title":null,"og_description":null,"og_object_type":"default","og_image_type":"default","og_image_url":null,"og_image_width":null,"og_image_height":null,"og_image_custom_url":null,"og_image_custom_fields":null,"og_video":"","og_custom_url":null,"og_article_section":null,"og_article_tags":null,"twitter_use_og":false,"twitter_card":"default","twitter_image_type":"default","twitter_image_url":null,"twitter_image_custom_url":null,"twitter_image_custom_fields":null,"twitter_title":null,"twitter_description":null,"schema":{"blockGraphs":[],"customGraphs":[],"default":{"data":{"Article":[],"Course":[],"Dataset":[],"FAQPage":[],"Movie":[],"Person":[],"Product":[],"ProductReview":[],"Car":[],"Recipe":[],"Service":[],"SoftwareApplication":[],"WebPage":[]},"graphName":"WebPage","isEnabled":true},"graphs":[]},"schema_type":"default","schema_type_options":null,"pillar_content":false,"robots_default":false,"robots_noindex":true,"robots_noarchive":false,"robots_nosnippet":false,"robots_nofollow":false,"robots_noimageindex":false,"robots_noodp":false,"robots_notranslate":false,"robots_max_snippet":"-1","robots_max_videopreview":"-1","robots_max_imagepreview":"large","priority":null,"frequency":"default","local_seo":null,"seo_analyzer_scan_date":"2025-10-26 20:04:07","breadcrumb_settings":null,"limit_modified_date":false,"reviewed_by":null,"open_ai":"{\"title\":{\"suggestions\":[],\"usage\":0},\"description\":{\"suggestions\":[],\"usage\":0}}","ai":null,"created":"2022-02-17 12:48:45","updated":"2025-10-26 20:04:07"},"aioseo_breadcrumb":"<div class=\"aioseo-breadcrumbs\"><span class=\"aioseo-breadcrumb\">\n\t<a href=\"https:\/\/light24.net\/fi\" title=\"Home\">Home<\/a>\n<\/span><span class=\"aioseo-breadcrumb-separator\">&raquo;<\/span><span class=\"aioseo-breadcrumb\">\n\tOstoskorini\n<\/span><\/div>","aioseo_breadcrumb_json":[{"label":"Home","link":"https:\/\/light24.net\/fi"},{"label":"Ostoskorini","link":"https:\/\/light24.net\/fi\/cart\/"}],"_links":{"self":[{"href":"https:\/\/light24.net\/fi\/wp-json\/wp\/v2\/pages\/7","targetHints":{"allow":["GET"]}}],"collection":[{"href":"https:\/\/light24.net\/fi\/wp-json\/wp\/v2\/pages"}],"about":[{"href":"https:\/\/light24.net\/fi\/wp-json\/wp\/v2\/types\/page"}],"author":[{"embeddable":true,"href":"https:\/\/light24.net\/fi\/wp-json\/wp\/v2\/users\/4"}],"replies":[{"embeddable":true,"href":"https:\/\/light24.net\/fi\/wp-json\/wp\/v2\/comments?post=7"}],"version-history":[{"count":0,"href":"https:\/\/light24.net\/fi\/wp-json\/wp\/v2\/pages\/7\/revisions"}],"wp:attachment":[{"href":"https:\/\/light24.net\/fi\/wp-json\/wp\/v2\/media?parent=7"}],"curies":[{"name":"wp","href":"https:\/\/api.w.org\/{rel}","templated":true}]}}