{"id":135168,"date":"2024-10-02T22:13:01","date_gmt":"2024-10-02T19:13:01","guid":{"rendered":"https:\/\/light24.ee\/?post_type=product&#038;p=135168"},"modified":"2025-12-30T11:30:12","modified_gmt":"2025-12-30T09:30:12","slug":"redo-apex-36w-led","status":"publish","type":"product","link":"https:\/\/light24.net\/fi\/toode\/siseruumide_valgustid\/seinavalgustid\/redo-apex-36w-led\/","title":{"rendered":"Redo Apex 36W LED"},"content":{"rendered":"<p class=\"qtranxs-available-languages-message qtranxs-available-languages-message-fi\">Anteeksi, mutta t\u00e4m\u00e4 kirjoitus on saatavana ainoastaan n\u00e4ill\u00e4 kielill\u00e4: <a href=\"https:\/\/light24.net\/et\/wp-json\/wp\/v2\/product\/135168\" class=\"qtranxs-available-language-link qtranxs-available-language-link-et\" title=\"Eesti\">Eesti<\/a>.<\/p>","protected":false},"excerpt":{"rendered":"<p>Anteeksi, mutta t\u00e4m\u00e4 kirjoitus on saatavana ainoastaan n\u00e4ill\u00e4 kielill\u00e4: Eesti.<\/p>\n","protected":false},"featured_media":135175,"comment_status":"closed","ping_status":"closed","template":"","meta":{"_acf_changed":false},"product_cat":[7280,249],"product_tag":[8035],"class_list":{"0":"post-135168","1":"product","2":"type-product","3":"status-publish","4":"has-post-thumbnail","6":"product_cat-siseruumide_valgustid","7":"product_cat-seinavalgustid","8":"product_tag-redo","9":"product_shipping_class-standard","10":"pa_ip-kaitseklass-1123","11":"pa_materjal-alumiinium","12":"pa_materjal-polukarbonaat","13":"pa_ruumid-elutuba","14":"pa_ruumid-soogituba","15":"pa_ruumid-kodukontor","16":"pa_varv-must","17":"pa_varv-valge","19":"first","20":"instock","21":"taxable","22":"shipping-taxable","23":"purchasable","24":"product-type-variable"},"acf":[],"aioseo_notices":[],"aioseo_head":"\n\t\t<!-- All in One SEO Pro 4.9.6.2 - aioseo.com -->\n\t<meta name=\"description\" content=\"Anteeksi, mutta t\u00e4m\u00e4 kirjoitus on saatavana ainoastaan n\u00e4ill\u00e4 kielill\u00e4: Eesti.\" \/>\n\t<meta name=\"robots\" content=\"max-image-preview:large\" \/>\n\t<meta name=\"google-site-verification\" content=\"nxgDPK3Ouk6bwvuxlwlzeMOKszmf-8m57RDu5zAgN-Y\" \/>\n\t<link rel=\"canonical\" href=\"https:\/\/light24.net\/fi\/toode\/siseruumide_valgustid\/seinavalgustid\/redo-apex-36w-led\/\" \/>\n\t<meta name=\"generator\" content=\"All in One SEO Pro (AIOSEO) 4.9.6.2\" \/>\n\t\t<meta property=\"og:locale\" content=\"fi_FI\" \/>\n\t\t<meta property=\"og:site_name\" content=\"Light24 \u2022 Valon tavaratalo | Ammatillinen valaistusratkaisut\" \/>\n\t\t<meta property=\"og:type\" content=\"article\" \/>\n\t\t<meta property=\"og:title\" content=\"Redo Apex 36W LED \u2022 Light24\" \/>\n\t\t<meta property=\"og:description\" content=\"Anteeksi, mutta t\u00e4m\u00e4 kirjoitus on saatavana ainoastaan n\u00e4ill\u00e4 kielill\u00e4: Eesti.\" \/>\n\t\t<meta property=\"og:url\" content=\"https:\/\/light24.net\/fi\/toode\/siseruumide_valgustid\/seinavalgustid\/redo-apex-36w-led\/\" \/>\n\t\t<meta property=\"og:image\" content=\"https:\/\/light24.net\/wp-content\/uploads\/2024\/10\/apex.jpg\" \/>\n\t\t<meta property=\"og:image:secure_url\" content=\"https:\/\/light24.net\/wp-content\/uploads\/2024\/10\/apex.jpg\" \/>\n\t\t<meta property=\"og:image:width\" content=\"900\" \/>\n\t\t<meta property=\"og:image:height\" content=\"900\" \/>\n\t\t<meta property=\"article:published_time\" content=\"2024-10-02T19:13:01+00:00\" \/>\n\t\t<meta property=\"article:modified_time\" content=\"2025-12-30T09:30:12+00:00\" \/>\n\t\t<meta property=\"article:publisher\" content=\"https:\/\/www.facebook.com\/light24.ee\" \/>\n\t\t<meta name=\"twitter:card\" content=\"summary\" \/>\n\t\t<meta name=\"twitter:title\" content=\"Redo Apex 36W LED \u2022 Light24\" \/>\n\t\t<meta name=\"twitter:description\" content=\"Anteeksi, mutta t\u00e4m\u00e4 kirjoitus on saatavana ainoastaan n\u00e4ill\u00e4 kielill\u00e4: Eesti.\" \/>\n\t\t<meta name=\"twitter:image\" content=\"https:\/\/light24.net\/wp-content\/uploads\/2024\/10\/apex.jpg\" \/>\n\t\t<script type=\"application\/ld+json\" class=\"aioseo-schema\">\n\t\t\t{\"@context\":\"https:\\\/\\\/schema.org\",\"@graph\":[{\"@type\":\"BreadcrumbList\",\"@id\":\"https:\\\/\\\/light24.net\\\/fi\\\/toode\\\/siseruumide_valgustid\\\/seinavalgustid\\\/redo-apex-36w-led\\\/#breadcrumblist\",\"itemListElement\":[{\"@type\":\"ListItem\",\"@id\":\"https:\\\/\\\/light24.net\\\/fi#listItem\",\"position\":1,\"name\":\"Home\",\"item\":\"https:\\\/\\\/light24.net\\\/fi\",\"nextItem\":{\"@type\":\"ListItem\",\"@id\":\"https:\\\/\\\/light24.net\\\/fi\\\/shop\\\/#listItem\",\"name\":\"Verkkokauppa\"}},{\"@type\":\"ListItem\",\"@id\":\"https:\\\/\\\/light24.net\\\/fi\\\/shop\\\/#listItem\",\"position\":2,\"name\":\"Verkkokauppa\",\"item\":\"https:\\\/\\\/light24.net\\\/fi\\\/shop\\\/\",\"nextItem\":{\"@type\":\"ListItem\",\"@id\":\"https:\\\/\\\/light24.net\\\/fi\\\/product-category\\\/siseruumide_valgustid\\\/#listItem\",\"name\":\"Sis\\u00e4valaisimet\"},\"previousItem\":{\"@type\":\"ListItem\",\"@id\":\"https:\\\/\\\/light24.net\\\/fi#listItem\",\"name\":\"Home\"}},{\"@type\":\"ListItem\",\"@id\":\"https:\\\/\\\/light24.net\\\/fi\\\/product-category\\\/siseruumide_valgustid\\\/#listItem\",\"position\":3,\"name\":\"Sis\\u00e4valaisimet\",\"item\":\"https:\\\/\\\/light24.net\\\/fi\\\/product-category\\\/siseruumide_valgustid\\\/\",\"nextItem\":{\"@type\":\"ListItem\",\"@id\":\"https:\\\/\\\/light24.net\\\/fi\\\/product-category\\\/siseruumide_valgustid\\\/seinavalgustid\\\/#listItem\",\"name\":\"Sein\\u00e4valot\"},\"previousItem\":{\"@type\":\"ListItem\",\"@id\":\"https:\\\/\\\/light24.net\\\/fi\\\/shop\\\/#listItem\",\"name\":\"Verkkokauppa\"}},{\"@type\":\"ListItem\",\"@id\":\"https:\\\/\\\/light24.net\\\/fi\\\/product-category\\\/siseruumide_valgustid\\\/seinavalgustid\\\/#listItem\",\"position\":4,\"name\":\"Sein\\u00e4valot\",\"item\":\"https:\\\/\\\/light24.net\\\/fi\\\/product-category\\\/siseruumide_valgustid\\\/seinavalgustid\\\/\",\"nextItem\":{\"@type\":\"ListItem\",\"@id\":\"https:\\\/\\\/light24.net\\\/fi\\\/toode\\\/siseruumide_valgustid\\\/seinavalgustid\\\/redo-apex-36w-led\\\/#listItem\",\"name\":\"Redo Apex 36W LED\"},\"previousItem\":{\"@type\":\"ListItem\",\"@id\":\"https:\\\/\\\/light24.net\\\/fi\\\/product-category\\\/siseruumide_valgustid\\\/#listItem\",\"name\":\"Sis\\u00e4valaisimet\"}},{\"@type\":\"ListItem\",\"@id\":\"https:\\\/\\\/light24.net\\\/fi\\\/toode\\\/siseruumide_valgustid\\\/seinavalgustid\\\/redo-apex-36w-led\\\/#listItem\",\"position\":5,\"name\":\"Redo Apex 36W LED\",\"previousItem\":{\"@type\":\"ListItem\",\"@id\":\"https:\\\/\\\/light24.net\\\/fi\\\/product-category\\\/siseruumide_valgustid\\\/seinavalgustid\\\/#listItem\",\"name\":\"Sein\\u00e4valot\"}}]},{\"@type\":\"Organization\",\"@id\":\"https:\\\/\\\/light24.net\\\/fi\\\/#organization\",\"name\":\"Light24\",\"description\":\"Valon tavaratalo | Ammatillinen valaistusratkaisut\",\"url\":\"https:\\\/\\\/light24.net\\\/fi\\\/\",\"telephone\":\"+3725184133\",\"logo\":{\"@type\":\"ImageObject\",\"url\":\"https:\\\/\\\/www.light24.ee\\\/wp-content\\\/uploads\\\/2022\\\/03\\\/Shape-2-3.svg\",\"@id\":\"https:\\\/\\\/light24.net\\\/fi\\\/toode\\\/siseruumide_valgustid\\\/seinavalgustid\\\/redo-apex-36w-led\\\/#organizationLogo\"},\"image\":{\"@id\":\"https:\\\/\\\/light24.net\\\/fi\\\/toode\\\/siseruumide_valgustid\\\/seinavalgustid\\\/redo-apex-36w-led\\\/#organizationLogo\"},\"sameAs\":[\"https:\\\/\\\/www.facebook.com\\\/light24.ee\",\"https:\\\/\\\/www.instagram.com\\\/light24official\\\/\"]},{\"@type\":\"ProductGroup\",\"@id\":\"https:\\\/\\\/light24.net\\\/fi\\\/toode\\\/siseruumide_valgustid\\\/seinavalgustid\\\/redo-apex-36w-led\\\/#wooCommerceProduct\",\"name\":\"Redo Apex 36W LED\",\"url\":\"https:\\\/\\\/light24.net\\\/fi\\\/toode\\\/siseruumide_valgustid\\\/seinavalgustid\\\/redo-apex-36w-led\\\/\",\"sku\":\"RED100313\",\"image\":{\"@type\":\"ImageObject\",\"url\":\"https:\\\/\\\/light24.net\\\/wp-content\\\/uploads\\\/2024\\\/10\\\/apex.jpg\",\"@id\":\"https:\\\/\\\/light24.net\\\/fi\\\/toode\\\/siseruumide_valgustid\\\/seinavalgustid\\\/redo-apex-36w-led\\\/#productImage\",\"width\":900,\"height\":900},\"productGroupID\":135168,\"hasVariant\":[{\"@type\":\"Product\",\"@id\":\"https:\\\/\\\/light24.net\\\/fi\\\/toode\\\/siseruumide_valgustid\\\/seinavalgustid\\\/redo-apex-36w-led\\\/#wooCommerceProduct\",\"name\":\"Redo Apex 36W LED - must\",\"url\":\"https:\\\/\\\/light24.net\\\/fi\\\/toode\\\/siseruumide_valgustid\\\/seinavalgustid\\\/redo-apex-36w-led\\\/\",\"sku\":\"RED100313\",\"image\":{\"@type\":\"ImageObject\",\"url\":\"https:\\\/\\\/light24.net\\\/wp-content\\\/uploads\\\/2024\\\/10\\\/apex.jpg\",\"@id\":\"https:\\\/\\\/light24.net\\\/fi\\\/toode\\\/siseruumide_valgustid\\\/seinavalgustid\\\/redo-apex-36w-led\\\/#productImage\",\"width\":900,\"height\":900},\"offers\":{\"@type\":\"Offer\",\"url\":\"https:\\\/\\\/light24.net\\\/fi\\\/toode\\\/siseruumide_valgustid\\\/seinavalgustid\\\/redo-apex-36w-led\\\/#wooCommerceOffer\",\"price\":\"141\",\"priceCurrency\":\"EUR\",\"category\":\"Sis\\u00e4valaisimet\",\"availability\":\"https:\\\/\\\/schema.org\\\/InStock\",\"priceSpecification\":{\"@type\":\"PriceSpecification\",\"price\":141,\"priceCurrency\":\"EUR\",\"valueAddedTaxIncluded\":\"true\"}}},{\"@type\":\"Product\",\"@id\":\"https:\\\/\\\/light24.net\\\/fi\\\/toode\\\/siseruumide_valgustid\\\/seinavalgustid\\\/redo-apex-36w-led\\\/#wooCommerceProduct\",\"name\":\"Redo Apex 36W LED - valge\",\"url\":\"https:\\\/\\\/light24.net\\\/fi\\\/toode\\\/siseruumide_valgustid\\\/seinavalgustid\\\/redo-apex-36w-led\\\/\",\"sku\":\"RED100313\",\"image\":{\"@type\":\"ImageObject\",\"url\":\"https:\\\/\\\/light24.net\\\/wp-content\\\/uploads\\\/2024\\\/10\\\/apex2.jpg\",\"@id\":\"https:\\\/\\\/light24.net\\\/fi\\\/toode\\\/siseruumide_valgustid\\\/seinavalgustid\\\/redo-apex-36w-led\\\/#productImage\",\"width\":900,\"height\":900},\"offers\":{\"@type\":\"Offer\",\"url\":\"https:\\\/\\\/light24.net\\\/fi\\\/toode\\\/siseruumide_valgustid\\\/seinavalgustid\\\/redo-apex-36w-led\\\/#wooCommerceOffer\",\"price\":\"141\",\"priceCurrency\":\"EUR\",\"category\":\"Sis\\u00e4valaisimet\",\"availability\":\"https:\\\/\\\/schema.org\\\/InStock\",\"priceSpecification\":{\"@type\":\"PriceSpecification\",\"price\":141,\"priceCurrency\":\"EUR\",\"valueAddedTaxIncluded\":\"true\"}}}]},{\"@type\":\"WebPage\",\"@id\":\"https:\\\/\\\/light24.net\\\/fi\\\/toode\\\/siseruumide_valgustid\\\/seinavalgustid\\\/redo-apex-36w-led\\\/#webpage\",\"url\":\"https:\\\/\\\/light24.net\\\/fi\\\/toode\\\/siseruumide_valgustid\\\/seinavalgustid\\\/redo-apex-36w-led\\\/\",\"name\":\"Redo Apex 36W LED \\u2022 Light24\",\"description\":\"Anteeksi, mutta t\\u00e4m\\u00e4 kirjoitus on saatavana ainoastaan n\\u00e4ill\\u00e4 kielill\\u00e4: Eesti.\",\"inLanguage\":\"fi\",\"isPartOf\":{\"@id\":\"https:\\\/\\\/light24.net\\\/fi\\\/#website\"},\"breadcrumb\":{\"@id\":\"https:\\\/\\\/light24.net\\\/fi\\\/toode\\\/siseruumide_valgustid\\\/seinavalgustid\\\/redo-apex-36w-led\\\/#breadcrumblist\"},\"image\":{\"@type\":\"ImageObject\",\"url\":\"https:\\\/\\\/light24.net\\\/wp-content\\\/uploads\\\/2024\\\/10\\\/apex.jpg\",\"@id\":\"https:\\\/\\\/light24.net\\\/fi\\\/toode\\\/siseruumide_valgustid\\\/seinavalgustid\\\/redo-apex-36w-led\\\/#mainImage\",\"width\":900,\"height\":900},\"primaryImageOfPage\":{\"@id\":\"https:\\\/\\\/light24.net\\\/fi\\\/toode\\\/siseruumide_valgustid\\\/seinavalgustid\\\/redo-apex-36w-led\\\/#mainImage\"},\"datePublished\":\"2024-10-02T22:13:01+03:00\",\"dateModified\":\"2025-12-30T11:30:12+02:00\"},{\"@type\":\"WebSite\",\"@id\":\"https:\\\/\\\/light24.net\\\/fi\\\/#website\",\"url\":\"https:\\\/\\\/light24.net\\\/fi\\\/\",\"name\":\"Light24\",\"description\":\"Valon tavaratalo | Ammatillinen valaistusratkaisut\",\"inLanguage\":\"fi\",\"publisher\":{\"@id\":\"https:\\\/\\\/light24.net\\\/fi\\\/#organization\"}}]}\n\t\t<\/script>\n\t\t<!-- All in One SEO Pro -->\r\n\t\t<title>Redo Apex 36W LED \u2022 Light24<\/title>\n\n","aioseo_head_json":{"title":"Redo Apex 36W LED \u2022 Light24","description":"Anteeksi, mutta t\u00e4m\u00e4 kirjoitus on saatavana ainoastaan n\u00e4ill\u00e4 kielill\u00e4: Eesti.","canonical_url":"https:\/\/light24.net\/fi\/toode\/siseruumide_valgustid\/seinavalgustid\/redo-apex-36w-led\/","robots":"max-image-preview:large","keywords":"","webmasterTools":{"google-site-verification":"nxgDPK3Ouk6bwvuxlwlzeMOKszmf-8m57RDu5zAgN-Y","miscellaneous":""},"schema":{"@context":"https:\/\/schema.org","@graph":[{"@type":"BreadcrumbList","@id":"https:\/\/light24.net\/fi\/toode\/siseruumide_valgustid\/seinavalgustid\/redo-apex-36w-led\/#breadcrumblist","itemListElement":[{"@type":"ListItem","@id":"https:\/\/light24.net\/fi#listItem","position":1,"name":"Home","item":"https:\/\/light24.net\/fi","nextItem":{"@type":"ListItem","@id":"https:\/\/light24.net\/fi\/shop\/#listItem","name":"Verkkokauppa"}},{"@type":"ListItem","@id":"https:\/\/light24.net\/fi\/shop\/#listItem","position":2,"name":"Verkkokauppa","item":"https:\/\/light24.net\/fi\/shop\/","nextItem":{"@type":"ListItem","@id":"https:\/\/light24.net\/fi\/product-category\/siseruumide_valgustid\/#listItem","name":"Sis\u00e4valaisimet"},"previousItem":{"@type":"ListItem","@id":"https:\/\/light24.net\/fi#listItem","name":"Home"}},{"@type":"ListItem","@id":"https:\/\/light24.net\/fi\/product-category\/siseruumide_valgustid\/#listItem","position":3,"name":"Sis\u00e4valaisimet","item":"https:\/\/light24.net\/fi\/product-category\/siseruumide_valgustid\/","nextItem":{"@type":"ListItem","@id":"https:\/\/light24.net\/fi\/product-category\/siseruumide_valgustid\/seinavalgustid\/#listItem","name":"Sein\u00e4valot"},"previousItem":{"@type":"ListItem","@id":"https:\/\/light24.net\/fi\/shop\/#listItem","name":"Verkkokauppa"}},{"@type":"ListItem","@id":"https:\/\/light24.net\/fi\/product-category\/siseruumide_valgustid\/seinavalgustid\/#listItem","position":4,"name":"Sein\u00e4valot","item":"https:\/\/light24.net\/fi\/product-category\/siseruumide_valgustid\/seinavalgustid\/","nextItem":{"@type":"ListItem","@id":"https:\/\/light24.net\/fi\/toode\/siseruumide_valgustid\/seinavalgustid\/redo-apex-36w-led\/#listItem","name":"Redo Apex 36W LED"},"previousItem":{"@type":"ListItem","@id":"https:\/\/light24.net\/fi\/product-category\/siseruumide_valgustid\/#listItem","name":"Sis\u00e4valaisimet"}},{"@type":"ListItem","@id":"https:\/\/light24.net\/fi\/toode\/siseruumide_valgustid\/seinavalgustid\/redo-apex-36w-led\/#listItem","position":5,"name":"Redo Apex 36W LED","previousItem":{"@type":"ListItem","@id":"https:\/\/light24.net\/fi\/product-category\/siseruumide_valgustid\/seinavalgustid\/#listItem","name":"Sein\u00e4valot"}}]},{"@type":"Organization","@id":"https:\/\/light24.net\/fi\/#organization","name":"Light24","description":"Valon tavaratalo | Ammatillinen valaistusratkaisut","url":"https:\/\/light24.net\/fi\/","telephone":"+3725184133","logo":{"@type":"ImageObject","url":"https:\/\/www.light24.ee\/wp-content\/uploads\/2022\/03\/Shape-2-3.svg","@id":"https:\/\/light24.net\/fi\/toode\/siseruumide_valgustid\/seinavalgustid\/redo-apex-36w-led\/#organizationLogo"},"image":{"@id":"https:\/\/light24.net\/fi\/toode\/siseruumide_valgustid\/seinavalgustid\/redo-apex-36w-led\/#organizationLogo"},"sameAs":["https:\/\/www.facebook.com\/light24.ee","https:\/\/www.instagram.com\/light24official\/"]},{"@type":"ProductGroup","@id":"https:\/\/light24.net\/fi\/toode\/siseruumide_valgustid\/seinavalgustid\/redo-apex-36w-led\/#wooCommerceProduct","name":"Redo Apex 36W LED","url":"https:\/\/light24.net\/fi\/toode\/siseruumide_valgustid\/seinavalgustid\/redo-apex-36w-led\/","sku":"RED100313","image":{"@type":"ImageObject","url":"https:\/\/light24.net\/wp-content\/uploads\/2024\/10\/apex.jpg","@id":"https:\/\/light24.net\/fi\/toode\/siseruumide_valgustid\/seinavalgustid\/redo-apex-36w-led\/#productImage","width":900,"height":900},"productGroupID":135168,"hasVariant":[{"@type":"Product","@id":"https:\/\/light24.net\/fi\/toode\/siseruumide_valgustid\/seinavalgustid\/redo-apex-36w-led\/#wooCommerceProduct","name":"Redo Apex 36W LED - must","url":"https:\/\/light24.net\/fi\/toode\/siseruumide_valgustid\/seinavalgustid\/redo-apex-36w-led\/","sku":"RED100313","image":{"@type":"ImageObject","url":"https:\/\/light24.net\/wp-content\/uploads\/2024\/10\/apex.jpg","@id":"https:\/\/light24.net\/fi\/toode\/siseruumide_valgustid\/seinavalgustid\/redo-apex-36w-led\/#productImage","width":900,"height":900},"offers":{"@type":"Offer","url":"https:\/\/light24.net\/fi\/toode\/siseruumide_valgustid\/seinavalgustid\/redo-apex-36w-led\/#wooCommerceOffer","price":"141","priceCurrency":"EUR","category":"Sis\u00e4valaisimet","availability":"https:\/\/schema.org\/InStock","priceSpecification":{"@type":"PriceSpecification","price":141,"priceCurrency":"EUR","valueAddedTaxIncluded":"true"}}},{"@type":"Product","@id":"https:\/\/light24.net\/fi\/toode\/siseruumide_valgustid\/seinavalgustid\/redo-apex-36w-led\/#wooCommerceProduct","name":"Redo Apex 36W LED - valge","url":"https:\/\/light24.net\/fi\/toode\/siseruumide_valgustid\/seinavalgustid\/redo-apex-36w-led\/","sku":"RED100313","image":{"@type":"ImageObject","url":"https:\/\/light24.net\/wp-content\/uploads\/2024\/10\/apex2.jpg","@id":"https:\/\/light24.net\/fi\/toode\/siseruumide_valgustid\/seinavalgustid\/redo-apex-36w-led\/#productImage","width":900,"height":900},"offers":{"@type":"Offer","url":"https:\/\/light24.net\/fi\/toode\/siseruumide_valgustid\/seinavalgustid\/redo-apex-36w-led\/#wooCommerceOffer","price":"141","priceCurrency":"EUR","category":"Sis\u00e4valaisimet","availability":"https:\/\/schema.org\/InStock","priceSpecification":{"@type":"PriceSpecification","price":141,"priceCurrency":"EUR","valueAddedTaxIncluded":"true"}}}]},{"@type":"WebPage","@id":"https:\/\/light24.net\/fi\/toode\/siseruumide_valgustid\/seinavalgustid\/redo-apex-36w-led\/#webpage","url":"https:\/\/light24.net\/fi\/toode\/siseruumide_valgustid\/seinavalgustid\/redo-apex-36w-led\/","name":"Redo Apex 36W LED \u2022 Light24","description":"Anteeksi, mutta t\u00e4m\u00e4 kirjoitus on saatavana ainoastaan n\u00e4ill\u00e4 kielill\u00e4: Eesti.","inLanguage":"fi","isPartOf":{"@id":"https:\/\/light24.net\/fi\/#website"},"breadcrumb":{"@id":"https:\/\/light24.net\/fi\/toode\/siseruumide_valgustid\/seinavalgustid\/redo-apex-36w-led\/#breadcrumblist"},"image":{"@type":"ImageObject","url":"https:\/\/light24.net\/wp-content\/uploads\/2024\/10\/apex.jpg","@id":"https:\/\/light24.net\/fi\/toode\/siseruumide_valgustid\/seinavalgustid\/redo-apex-36w-led\/#mainImage","width":900,"height":900},"primaryImageOfPage":{"@id":"https:\/\/light24.net\/fi\/toode\/siseruumide_valgustid\/seinavalgustid\/redo-apex-36w-led\/#mainImage"},"datePublished":"2024-10-02T22:13:01+03:00","dateModified":"2025-12-30T11:30:12+02:00"},{"@type":"WebSite","@id":"https:\/\/light24.net\/fi\/#website","url":"https:\/\/light24.net\/fi\/","name":"Light24","description":"Valon tavaratalo | Ammatillinen valaistusratkaisut","inLanguage":"fi","publisher":{"@id":"https:\/\/light24.net\/fi\/#organization"}}]},"og:locale":"fi_FI","og:site_name":"Light24 \u2022 Valon tavaratalo | Ammatillinen valaistusratkaisut","og:type":"article","og:title":"Redo Apex 36W LED \u2022 Light24","og:description":"Anteeksi, mutta t\u00e4m\u00e4 kirjoitus on saatavana ainoastaan n\u00e4ill\u00e4 kielill\u00e4: Eesti.","og:url":"https:\/\/light24.net\/fi\/toode\/siseruumide_valgustid\/seinavalgustid\/redo-apex-36w-led\/","og:image":"https:\/\/light24.net\/wp-content\/uploads\/2024\/10\/apex.jpg","og:image:secure_url":"https:\/\/light24.net\/wp-content\/uploads\/2024\/10\/apex.jpg","og:image:width":900,"og:image:height":900,"article:published_time":"2024-10-02T19:13:01+00:00","article:modified_time":"2025-12-30T09:30:12+00:00","article:publisher":"https:\/\/www.facebook.com\/light24.ee","twitter:card":"summary","twitter:title":"Redo Apex 36W LED \u2022 Light24","twitter:description":"Anteeksi, mutta t\u00e4m\u00e4 kirjoitus on saatavana ainoastaan n\u00e4ill\u00e4 kielill\u00e4: Eesti.","twitter:image":"https:\/\/light24.net\/wp-content\/uploads\/2024\/10\/apex.jpg"},"aioseo_meta_data":{"post_id":"135168","title":null,"description":null,"keywords":null,"keyphrases":{"focus":{"keyphrase":"","score":0,"analysis":{"keyphraseInTitle":{"score":0,"maxScore":9,"error":1}}},"additional":[]},"primary_term":null,"canonical_url":null,"og_title":null,"og_description":null,"og_object_type":"default","og_image_type":"default","og_image_url":null,"og_image_width":null,"og_image_height":null,"og_image_custom_url":null,"og_image_custom_fields":null,"og_video":"","og_custom_url":null,"og_article_section":null,"og_article_tags":null,"twitter_use_og":false,"twitter_card":"default","twitter_image_type":"default","twitter_image_url":null,"twitter_image_custom_url":null,"twitter_image_custom_fields":null,"twitter_title":null,"twitter_description":null,"schema":{"blockGraphs":[],"customGraphs":[],"default":{"data":{"Article":[],"Course":[],"Dataset":[],"FAQPage":[],"Movie":[],"Person":[],"Product":[],"ProductReview":[],"Car":[],"Recipe":[],"Service":[],"SoftwareApplication":[],"WebPage":[]},"graphName":"Product","isEnabled":true},"graphs":[],"defaultGraph":"WebPage","defaultPostTypeGraph":""},"schema_type":"default","schema_type_options":"{\"article\":{\"articleType\":\"BlogPosting\"},\"course\":{\"name\":\"\",\"description\":\"\",\"provider\":\"\"},\"faq\":{\"pages\":[]},\"product\":{\"reviews\":[]},\"recipe\":{\"ingredients\":[],\"instructions\":[],\"keywords\":[]},\"software\":{\"reviews\":[],\"operatingSystems\":[]},\"webPage\":{\"webPageType\":\"WebPage\"},\"blockGraphs\":[]}","pillar_content":false,"robots_default":true,"robots_noindex":false,"robots_noarchive":false,"robots_nosnippet":false,"robots_nofollow":false,"robots_noimageindex":false,"robots_noodp":false,"robots_notranslate":false,"robots_max_snippet":"-1","robots_max_videopreview":"-1","robots_max_imagepreview":"large","priority":null,"frequency":"default","local_seo":null,"seo_analyzer_scan_date":"2025-12-30 09:30:38","breadcrumb_settings":null,"limit_modified_date":false,"reviewed_by":null,"open_ai":"{\"title\":{\"suggestions\":[],\"usage\":0},\"description\":{\"suggestions\":[],\"usage\":0}}","ai":{"faqs":[],"keyPoints":[],"titles":[],"descriptions":[],"socialPosts":{"email":[],"linkedin":[],"twitter":[],"facebook":[],"instagram":[]}},"created":"2024-10-02 18:27:09","updated":"2025-12-30 09:30:38"},"aioseo_breadcrumb":"<div class=\"aioseo-breadcrumbs\"><span class=\"aioseo-breadcrumb\">\n\t<a href=\"https:\/\/light24.net\/fi\" title=\"Home\">Home<\/a>\n<\/span><span class=\"aioseo-breadcrumb-separator\">&raquo;<\/span><span class=\"aioseo-breadcrumb\">\n\t<a href=\"https:\/\/light24.net\/fi\/shop\/\" title=\"Verkkokauppa\">Verkkokauppa<\/a>\n<\/span><span class=\"aioseo-breadcrumb-separator\">&raquo;<\/span><span class=\"aioseo-breadcrumb\">\n\t<a href=\"https:\/\/light24.net\/fi\/product-category\/siseruumide_valgustid\/\" title=\"Sis\u00e4valaisimet\">Sis\u00e4valaisimet<\/a>\n<\/span><span class=\"aioseo-breadcrumb-separator\">&raquo;<\/span><span class=\"aioseo-breadcrumb\">\n\t<a href=\"https:\/\/light24.net\/fi\/product-category\/siseruumide_valgustid\/seinavalgustid\/\" title=\"Sein\u00e4valot\">Sein\u00e4valot<\/a>\n<\/span><span class=\"aioseo-breadcrumb-separator\">&raquo;<\/span><span class=\"aioseo-breadcrumb\">\n\tRedo Apex 36W LED\n<\/span><\/div>","aioseo_breadcrumb_json":[{"label":"Home","link":"https:\/\/light24.net\/fi"},{"label":"Verkkokauppa","link":"https:\/\/light24.net\/fi\/shop\/"},{"label":"Sis\u00e4valaisimet","link":"https:\/\/light24.net\/fi\/product-category\/siseruumide_valgustid\/"},{"label":"Sein\u00e4valot","link":"https:\/\/light24.net\/fi\/product-category\/siseruumide_valgustid\/seinavalgustid\/"},{"label":"Redo Apex 36W LED","link":"https:\/\/light24.net\/fi\/toode\/siseruumide_valgustid\/seinavalgustid\/redo-apex-36w-led\/"}],"_links":{"self":[{"href":"https:\/\/light24.net\/fi\/wp-json\/wp\/v2\/product\/135168","targetHints":{"allow":["GET"]}}],"collection":[{"href":"https:\/\/light24.net\/fi\/wp-json\/wp\/v2\/product"}],"about":[{"href":"https:\/\/light24.net\/fi\/wp-json\/wp\/v2\/types\/product"}],"replies":[{"embeddable":true,"href":"https:\/\/light24.net\/fi\/wp-json\/wp\/v2\/comments?post=135168"}],"wp:featuredmedia":[{"embeddable":true,"href":"https:\/\/light24.net\/fi\/wp-json\/wp\/v2\/media\/135175"}],"wp:attachment":[{"href":"https:\/\/light24.net\/fi\/wp-json\/wp\/v2\/media?parent=135168"}],"wp:term":[{"taxonomy":"product_cat","embeddable":true,"href":"https:\/\/light24.net\/fi\/wp-json\/wp\/v2\/product_cat?post=135168"},{"taxonomy":"product_tag","embeddable":true,"href":"https:\/\/light24.net\/fi\/wp-json\/wp\/v2\/product_tag?post=135168"}],"curies":[{"name":"wp","href":"https:\/\/api.w.org\/{rel}","templated":true}]}}