{"id":68742,"date":"2024-11-27T08:49:17","date_gmt":"2024-11-27T06:49:17","guid":{"rendered":"https:\/\/www.light24.ee\/?post_type=product&#038;p=68742"},"modified":"2026-01-01T21:41:49","modified_gmt":"2026-01-01T19:41:49","slug":"kipsist-seinavalgusti-tera","status":"publish","type":"product","link":"https:\/\/light24.net\/fi\/toode\/siseruumide_valgustid\/seinavalgustid\/kipsist-seinavalgusti-tera\/","title":{"rendered":"FARO BARCELONA TERA PLASTER 6W 2700K,  51cm"},"content":{"rendered":"<p class=\"qtranxs-available-languages-message qtranxs-available-languages-message-fi\">Anteeksi, mutta t\u00e4m\u00e4 kirjoitus on saatavana ainoastaan n\u00e4ill\u00e4 kielill\u00e4: <a href=\"https:\/\/light24.net\/lt\/wp-json\/wp\/v2\/product\/68742\" class=\"qtranxs-available-language-link qtranxs-available-language-link-lt\" title=\"Lietuvi\u0173\">Lietuvi\u0173<\/a>, <a href=\"https:\/\/light24.net\/de\/wp-json\/wp\/v2\/product\/68742\" class=\"qtranxs-available-language-link qtranxs-available-language-link-de\" title=\"Deutsch\">Deutsch<\/a>, <a href=\"https:\/\/light24.net\/fr\/wp-json\/wp\/v2\/product\/68742\" class=\"qtranxs-available-language-link qtranxs-available-language-link-fr\" title=\"Fran\u00e7ais\">Fran\u00e7ais<\/a> ja <a href=\"https:\/\/light24.net\/es\/wp-json\/wp\/v2\/product\/68742\" class=\"qtranxs-available-language-link qtranxs-available-language-link-es\" title=\"Espa\u00f1ol\">Espa\u00f1ol<\/a>.<\/p>","protected":false},"excerpt":{"rendered":"<p>Anteeksi, mutta t\u00e4m\u00e4 kirjoitus on saatavana ainoastaan n\u00e4ill\u00e4 kielill\u00e4: Lietuvi\u0173, Deutsch, Fran\u00e7ais ja Espa\u00f1ol.<\/p>\n","protected":false},"featured_media":68743,"comment_status":"closed","ping_status":"closed","template":"","meta":{"_acf_changed":false},"product_cat":[7280,249],"product_tag":[379],"class_list":{"0":"post-68742","1":"product","2":"type-product","3":"status-publish","4":"has-post-thumbnail","6":"product_cat-siseruumide_valgustid","7":"product_cat-seinavalgustid","8":"product_tag-faro","9":"product_shipping_class-small","10":"pa_ip-kaitseklass-ip20","11":"pa_materjal-kips","12":"pa_otstarve-seinavalgustid","13":"pa_ruumid-elutuba","14":"pa_ruumid-soogituba","15":"pa_ruumid-magamistuba","16":"pa_ruumid-kook","17":"pa_ruumid-esik_ja_trepihall","18":"pa_ruumid-kodukontor","19":"pa_ruumid-lastetuba","20":"pa_ruumid-hotellid-ja-restoranid","21":"pa_tarneaeg-10-paeva","22":"pa_varv-valge","24":"first","25":"instock","26":"taxable","27":"shipping-taxable","28":"purchasable","29":"product-type-simple"},"acf":[],"aioseo_notices":[],"aioseo_head":"\n\t\t<!-- All in One SEO Pro 4.9.6.2 - aioseo.com -->\n\t<meta name=\"description\" content=\"Anteeksi, mutta t\u00e4m\u00e4 kirjoitus on saatavana ainoastaan n\u00e4ill\u00e4 kielill\u00e4: Lietuvi\u0173, Deutsch, Fran\u00e7ais ja Espa\u00f1ol.\" \/>\n\t<meta name=\"robots\" content=\"max-image-preview:large\" \/>\n\t<meta name=\"google-site-verification\" content=\"nxgDPK3Ouk6bwvuxlwlzeMOKszmf-8m57RDu5zAgN-Y\" \/>\n\t<link rel=\"canonical\" href=\"https:\/\/light24.net\/fi\/toode\/siseruumide_valgustid\/seinavalgustid\/kipsist-seinavalgusti-tera\/\" \/>\n\t<meta name=\"generator\" content=\"All in One SEO Pro (AIOSEO) 4.9.6.2\" \/>\n\t\t<meta property=\"og:locale\" content=\"fi_FI\" \/>\n\t\t<meta property=\"og:site_name\" content=\"Light24 \u2022 Valon tavaratalo | Ammatillinen valaistusratkaisut\" \/>\n\t\t<meta property=\"og:type\" content=\"article\" \/>\n\t\t<meta property=\"og:title\" content=\"FARO BARCELONA TERA PLASTER 6W 2700K, 51cm \u2022 Light24\" \/>\n\t\t<meta property=\"og:description\" content=\"Anteeksi, mutta t\u00e4m\u00e4 kirjoitus on saatavana ainoastaan n\u00e4ill\u00e4 kielill\u00e4: Lietuvi\u0173, Deutsch, Fran\u00e7ais ja Espa\u00f1ol.\" \/>\n\t\t<meta property=\"og:url\" content=\"https:\/\/light24.net\/fi\/toode\/siseruumide_valgustid\/seinavalgustid\/kipsist-seinavalgusti-tera\/\" \/>\n\t\t<meta property=\"og:image\" content=\"https:\/\/light24.net\/wp-content\/uploads\/2020\/04\/tera.jpg\" \/>\n\t\t<meta property=\"og:image:secure_url\" content=\"https:\/\/light24.net\/wp-content\/uploads\/2020\/04\/tera.jpg\" \/>\n\t\t<meta property=\"og:image:width\" content=\"750\" \/>\n\t\t<meta property=\"og:image:height\" content=\"750\" \/>\n\t\t<meta property=\"article:published_time\" content=\"2024-11-27T06:49:17+00:00\" \/>\n\t\t<meta property=\"article:modified_time\" content=\"2026-01-01T19:41:49+00:00\" \/>\n\t\t<meta property=\"article:publisher\" content=\"https:\/\/www.facebook.com\/light24.ee\" \/>\n\t\t<meta name=\"twitter:card\" content=\"summary\" \/>\n\t\t<meta name=\"twitter:title\" content=\"FARO BARCELONA TERA PLASTER 6W 2700K, 51cm \u2022 Light24\" \/>\n\t\t<meta name=\"twitter:description\" content=\"Anteeksi, mutta t\u00e4m\u00e4 kirjoitus on saatavana ainoastaan n\u00e4ill\u00e4 kielill\u00e4: Lietuvi\u0173, Deutsch, Fran\u00e7ais ja Espa\u00f1ol.\" \/>\n\t\t<meta name=\"twitter:image\" content=\"https:\/\/light24.net\/wp-content\/uploads\/2020\/04\/tera.jpg\" \/>\n\t\t<script type=\"application\/ld+json\" class=\"aioseo-schema\">\n\t\t\t{\"@context\":\"https:\\\/\\\/schema.org\",\"@graph\":[{\"@type\":\"BreadcrumbList\",\"@id\":\"https:\\\/\\\/light24.net\\\/fi\\\/toode\\\/siseruumide_valgustid\\\/seinavalgustid\\\/kipsist-seinavalgusti-tera\\\/#breadcrumblist\",\"itemListElement\":[{\"@type\":\"ListItem\",\"@id\":\"https:\\\/\\\/light24.net\\\/fi#listItem\",\"position\":1,\"name\":\"Home\",\"item\":\"https:\\\/\\\/light24.net\\\/fi\",\"nextItem\":{\"@type\":\"ListItem\",\"@id\":\"https:\\\/\\\/light24.net\\\/fi\\\/shop\\\/#listItem\",\"name\":\"Verkkokauppa\"}},{\"@type\":\"ListItem\",\"@id\":\"https:\\\/\\\/light24.net\\\/fi\\\/shop\\\/#listItem\",\"position\":2,\"name\":\"Verkkokauppa\",\"item\":\"https:\\\/\\\/light24.net\\\/fi\\\/shop\\\/\",\"nextItem\":{\"@type\":\"ListItem\",\"@id\":\"https:\\\/\\\/light24.net\\\/fi\\\/product-category\\\/siseruumide_valgustid\\\/#listItem\",\"name\":\"Sis\\u00e4valaisimet\"},\"previousItem\":{\"@type\":\"ListItem\",\"@id\":\"https:\\\/\\\/light24.net\\\/fi#listItem\",\"name\":\"Home\"}},{\"@type\":\"ListItem\",\"@id\":\"https:\\\/\\\/light24.net\\\/fi\\\/product-category\\\/siseruumide_valgustid\\\/#listItem\",\"position\":3,\"name\":\"Sis\\u00e4valaisimet\",\"item\":\"https:\\\/\\\/light24.net\\\/fi\\\/product-category\\\/siseruumide_valgustid\\\/\",\"nextItem\":{\"@type\":\"ListItem\",\"@id\":\"https:\\\/\\\/light24.net\\\/fi\\\/product-category\\\/siseruumide_valgustid\\\/seinavalgustid\\\/#listItem\",\"name\":\"Sein\\u00e4valot\"},\"previousItem\":{\"@type\":\"ListItem\",\"@id\":\"https:\\\/\\\/light24.net\\\/fi\\\/shop\\\/#listItem\",\"name\":\"Verkkokauppa\"}},{\"@type\":\"ListItem\",\"@id\":\"https:\\\/\\\/light24.net\\\/fi\\\/product-category\\\/siseruumide_valgustid\\\/seinavalgustid\\\/#listItem\",\"position\":4,\"name\":\"Sein\\u00e4valot\",\"item\":\"https:\\\/\\\/light24.net\\\/fi\\\/product-category\\\/siseruumide_valgustid\\\/seinavalgustid\\\/\",\"nextItem\":{\"@type\":\"ListItem\",\"@id\":\"https:\\\/\\\/light24.net\\\/fi\\\/toode\\\/siseruumide_valgustid\\\/seinavalgustid\\\/kipsist-seinavalgusti-tera\\\/#listItem\",\"name\":\"FARO BARCELONA TERA PLASTER 6W 2700K,  51cm\"},\"previousItem\":{\"@type\":\"ListItem\",\"@id\":\"https:\\\/\\\/light24.net\\\/fi\\\/product-category\\\/siseruumide_valgustid\\\/#listItem\",\"name\":\"Sis\\u00e4valaisimet\"}},{\"@type\":\"ListItem\",\"@id\":\"https:\\\/\\\/light24.net\\\/fi\\\/toode\\\/siseruumide_valgustid\\\/seinavalgustid\\\/kipsist-seinavalgusti-tera\\\/#listItem\",\"position\":5,\"name\":\"FARO BARCELONA TERA PLASTER 6W 2700K,  51cm\",\"previousItem\":{\"@type\":\"ListItem\",\"@id\":\"https:\\\/\\\/light24.net\\\/fi\\\/product-category\\\/siseruumide_valgustid\\\/seinavalgustid\\\/#listItem\",\"name\":\"Sein\\u00e4valot\"}}]},{\"@type\":\"Organization\",\"@id\":\"https:\\\/\\\/light24.net\\\/fi\\\/#organization\",\"name\":\"Light24\",\"description\":\"Valon tavaratalo | Ammatillinen valaistusratkaisut\",\"url\":\"https:\\\/\\\/light24.net\\\/fi\\\/\",\"telephone\":\"+3725184133\",\"logo\":{\"@type\":\"ImageObject\",\"url\":\"https:\\\/\\\/www.light24.ee\\\/wp-content\\\/uploads\\\/2022\\\/03\\\/Shape-2-3.svg\",\"@id\":\"https:\\\/\\\/light24.net\\\/fi\\\/toode\\\/siseruumide_valgustid\\\/seinavalgustid\\\/kipsist-seinavalgusti-tera\\\/#organizationLogo\"},\"image\":{\"@id\":\"https:\\\/\\\/light24.net\\\/fi\\\/toode\\\/siseruumide_valgustid\\\/seinavalgustid\\\/kipsist-seinavalgusti-tera\\\/#organizationLogo\"},\"sameAs\":[\"https:\\\/\\\/www.facebook.com\\\/light24.ee\",\"https:\\\/\\\/www.instagram.com\\\/light24official\\\/\"]},{\"@type\":\"Product\",\"@id\":\"https:\\\/\\\/light24.net\\\/fi\\\/toode\\\/siseruumide_valgustid\\\/seinavalgustid\\\/kipsist-seinavalgusti-tera\\\/#wooCommerceProduct\",\"name\":\"FARO BARCELONA TERA PLASTER 6W 2700K,  51cm\",\"url\":\"https:\\\/\\\/light24.net\\\/fi\\\/toode\\\/siseruumide_valgustid\\\/seinavalgustid\\\/kipsist-seinavalgusti-tera\\\/\",\"sku\":\"FAR11607\",\"image\":{\"@type\":\"ImageObject\",\"url\":\"https:\\\/\\\/light24.net\\\/wp-content\\\/uploads\\\/2020\\\/04\\\/tera.jpg\",\"@id\":\"https:\\\/\\\/light24.net\\\/fi\\\/toode\\\/siseruumide_valgustid\\\/seinavalgustid\\\/kipsist-seinavalgusti-tera\\\/#productImage\",\"width\":750,\"height\":750},\"offers\":{\"@type\":\"Offer\",\"url\":\"https:\\\/\\\/light24.net\\\/fi\\\/toode\\\/siseruumide_valgustid\\\/seinavalgustid\\\/kipsist-seinavalgusti-tera\\\/#wooCommerceOffer\",\"price\":92,\"priceCurrency\":\"EUR\",\"category\":\"Sis\\u00e4valaisimet\",\"availability\":\"https:\\\/\\\/schema.org\\\/InStock\",\"priceSpecification\":{\"@type\":\"PriceSpecification\",\"price\":92,\"priceCurrency\":\"EUR\",\"valueAddedTaxIncluded\":\"true\"},\"seller\":{\"@type\":\"Organization\",\"@id\":\"https:\\\/\\\/light24.net\\\/fi\\\/#organization\"}}},{\"@type\":\"WebPage\",\"@id\":\"https:\\\/\\\/light24.net\\\/fi\\\/toode\\\/siseruumide_valgustid\\\/seinavalgustid\\\/kipsist-seinavalgusti-tera\\\/#webpage\",\"url\":\"https:\\\/\\\/light24.net\\\/fi\\\/toode\\\/siseruumide_valgustid\\\/seinavalgustid\\\/kipsist-seinavalgusti-tera\\\/\",\"name\":\"FARO BARCELONA TERA PLASTER 6W 2700K, 51cm \\u2022 Light24\",\"description\":\"Anteeksi, mutta t\\u00e4m\\u00e4 kirjoitus on saatavana ainoastaan n\\u00e4ill\\u00e4 kielill\\u00e4: Lietuvi\\u0173, Deutsch, Fran\\u00e7ais ja Espa\\u00f1ol.\",\"inLanguage\":\"fi\",\"isPartOf\":{\"@id\":\"https:\\\/\\\/light24.net\\\/fi\\\/#website\"},\"breadcrumb\":{\"@id\":\"https:\\\/\\\/light24.net\\\/fi\\\/toode\\\/siseruumide_valgustid\\\/seinavalgustid\\\/kipsist-seinavalgusti-tera\\\/#breadcrumblist\"},\"image\":{\"@type\":\"ImageObject\",\"url\":\"https:\\\/\\\/light24.net\\\/wp-content\\\/uploads\\\/2020\\\/04\\\/tera.jpg\",\"@id\":\"https:\\\/\\\/light24.net\\\/fi\\\/toode\\\/siseruumide_valgustid\\\/seinavalgustid\\\/kipsist-seinavalgusti-tera\\\/#mainImage\",\"width\":750,\"height\":750},\"primaryImageOfPage\":{\"@id\":\"https:\\\/\\\/light24.net\\\/fi\\\/toode\\\/siseruumide_valgustid\\\/seinavalgustid\\\/kipsist-seinavalgusti-tera\\\/#mainImage\"},\"datePublished\":\"2024-11-27T08:49:17+02:00\",\"dateModified\":\"2026-01-01T21:41:49+02:00\"},{\"@type\":\"WebSite\",\"@id\":\"https:\\\/\\\/light24.net\\\/fi\\\/#website\",\"url\":\"https:\\\/\\\/light24.net\\\/fi\\\/\",\"name\":\"Light24\",\"description\":\"Valon tavaratalo | Ammatillinen valaistusratkaisut\",\"inLanguage\":\"fi\",\"publisher\":{\"@id\":\"https:\\\/\\\/light24.net\\\/fi\\\/#organization\"}}]}\n\t\t<\/script>\n\t\t<!-- All in One SEO Pro -->\r\n\t\t<title>FARO BARCELONA TERA PLASTER 6W 2700K, 51cm \u2022 Light24<\/title>\n\n","aioseo_head_json":{"title":"FARO BARCELONA TERA PLASTER 6W 2700K, 51cm \u2022 Light24","description":"Anteeksi, mutta t\u00e4m\u00e4 kirjoitus on saatavana ainoastaan n\u00e4ill\u00e4 kielill\u00e4: Lietuvi\u0173, Deutsch, Fran\u00e7ais ja Espa\u00f1ol.","canonical_url":"https:\/\/light24.net\/fi\/toode\/siseruumide_valgustid\/seinavalgustid\/kipsist-seinavalgusti-tera\/","robots":"max-image-preview:large","keywords":"","webmasterTools":{"google-site-verification":"nxgDPK3Ouk6bwvuxlwlzeMOKszmf-8m57RDu5zAgN-Y","miscellaneous":""},"schema":{"@context":"https:\/\/schema.org","@graph":[{"@type":"BreadcrumbList","@id":"https:\/\/light24.net\/fi\/toode\/siseruumide_valgustid\/seinavalgustid\/kipsist-seinavalgusti-tera\/#breadcrumblist","itemListElement":[{"@type":"ListItem","@id":"https:\/\/light24.net\/fi#listItem","position":1,"name":"Home","item":"https:\/\/light24.net\/fi","nextItem":{"@type":"ListItem","@id":"https:\/\/light24.net\/fi\/shop\/#listItem","name":"Verkkokauppa"}},{"@type":"ListItem","@id":"https:\/\/light24.net\/fi\/shop\/#listItem","position":2,"name":"Verkkokauppa","item":"https:\/\/light24.net\/fi\/shop\/","nextItem":{"@type":"ListItem","@id":"https:\/\/light24.net\/fi\/product-category\/siseruumide_valgustid\/#listItem","name":"Sis\u00e4valaisimet"},"previousItem":{"@type":"ListItem","@id":"https:\/\/light24.net\/fi#listItem","name":"Home"}},{"@type":"ListItem","@id":"https:\/\/light24.net\/fi\/product-category\/siseruumide_valgustid\/#listItem","position":3,"name":"Sis\u00e4valaisimet","item":"https:\/\/light24.net\/fi\/product-category\/siseruumide_valgustid\/","nextItem":{"@type":"ListItem","@id":"https:\/\/light24.net\/fi\/product-category\/siseruumide_valgustid\/seinavalgustid\/#listItem","name":"Sein\u00e4valot"},"previousItem":{"@type":"ListItem","@id":"https:\/\/light24.net\/fi\/shop\/#listItem","name":"Verkkokauppa"}},{"@type":"ListItem","@id":"https:\/\/light24.net\/fi\/product-category\/siseruumide_valgustid\/seinavalgustid\/#listItem","position":4,"name":"Sein\u00e4valot","item":"https:\/\/light24.net\/fi\/product-category\/siseruumide_valgustid\/seinavalgustid\/","nextItem":{"@type":"ListItem","@id":"https:\/\/light24.net\/fi\/toode\/siseruumide_valgustid\/seinavalgustid\/kipsist-seinavalgusti-tera\/#listItem","name":"FARO BARCELONA TERA PLASTER 6W 2700K,  51cm"},"previousItem":{"@type":"ListItem","@id":"https:\/\/light24.net\/fi\/product-category\/siseruumide_valgustid\/#listItem","name":"Sis\u00e4valaisimet"}},{"@type":"ListItem","@id":"https:\/\/light24.net\/fi\/toode\/siseruumide_valgustid\/seinavalgustid\/kipsist-seinavalgusti-tera\/#listItem","position":5,"name":"FARO BARCELONA TERA PLASTER 6W 2700K,  51cm","previousItem":{"@type":"ListItem","@id":"https:\/\/light24.net\/fi\/product-category\/siseruumide_valgustid\/seinavalgustid\/#listItem","name":"Sein\u00e4valot"}}]},{"@type":"Organization","@id":"https:\/\/light24.net\/fi\/#organization","name":"Light24","description":"Valon tavaratalo | Ammatillinen valaistusratkaisut","url":"https:\/\/light24.net\/fi\/","telephone":"+3725184133","logo":{"@type":"ImageObject","url":"https:\/\/www.light24.ee\/wp-content\/uploads\/2022\/03\/Shape-2-3.svg","@id":"https:\/\/light24.net\/fi\/toode\/siseruumide_valgustid\/seinavalgustid\/kipsist-seinavalgusti-tera\/#organizationLogo"},"image":{"@id":"https:\/\/light24.net\/fi\/toode\/siseruumide_valgustid\/seinavalgustid\/kipsist-seinavalgusti-tera\/#organizationLogo"},"sameAs":["https:\/\/www.facebook.com\/light24.ee","https:\/\/www.instagram.com\/light24official\/"]},{"@type":"Product","@id":"https:\/\/light24.net\/fi\/toode\/siseruumide_valgustid\/seinavalgustid\/kipsist-seinavalgusti-tera\/#wooCommerceProduct","name":"FARO BARCELONA TERA PLASTER 6W 2700K,  51cm","url":"https:\/\/light24.net\/fi\/toode\/siseruumide_valgustid\/seinavalgustid\/kipsist-seinavalgusti-tera\/","sku":"FAR11607","image":{"@type":"ImageObject","url":"https:\/\/light24.net\/wp-content\/uploads\/2020\/04\/tera.jpg","@id":"https:\/\/light24.net\/fi\/toode\/siseruumide_valgustid\/seinavalgustid\/kipsist-seinavalgusti-tera\/#productImage","width":750,"height":750},"offers":{"@type":"Offer","url":"https:\/\/light24.net\/fi\/toode\/siseruumide_valgustid\/seinavalgustid\/kipsist-seinavalgusti-tera\/#wooCommerceOffer","price":92,"priceCurrency":"EUR","category":"Sis\u00e4valaisimet","availability":"https:\/\/schema.org\/InStock","priceSpecification":{"@type":"PriceSpecification","price":92,"priceCurrency":"EUR","valueAddedTaxIncluded":"true"},"seller":{"@type":"Organization","@id":"https:\/\/light24.net\/fi\/#organization"}}},{"@type":"WebPage","@id":"https:\/\/light24.net\/fi\/toode\/siseruumide_valgustid\/seinavalgustid\/kipsist-seinavalgusti-tera\/#webpage","url":"https:\/\/light24.net\/fi\/toode\/siseruumide_valgustid\/seinavalgustid\/kipsist-seinavalgusti-tera\/","name":"FARO BARCELONA TERA PLASTER 6W 2700K, 51cm \u2022 Light24","description":"Anteeksi, mutta t\u00e4m\u00e4 kirjoitus on saatavana ainoastaan n\u00e4ill\u00e4 kielill\u00e4: Lietuvi\u0173, Deutsch, Fran\u00e7ais ja Espa\u00f1ol.","inLanguage":"fi","isPartOf":{"@id":"https:\/\/light24.net\/fi\/#website"},"breadcrumb":{"@id":"https:\/\/light24.net\/fi\/toode\/siseruumide_valgustid\/seinavalgustid\/kipsist-seinavalgusti-tera\/#breadcrumblist"},"image":{"@type":"ImageObject","url":"https:\/\/light24.net\/wp-content\/uploads\/2020\/04\/tera.jpg","@id":"https:\/\/light24.net\/fi\/toode\/siseruumide_valgustid\/seinavalgustid\/kipsist-seinavalgusti-tera\/#mainImage","width":750,"height":750},"primaryImageOfPage":{"@id":"https:\/\/light24.net\/fi\/toode\/siseruumide_valgustid\/seinavalgustid\/kipsist-seinavalgusti-tera\/#mainImage"},"datePublished":"2024-11-27T08:49:17+02:00","dateModified":"2026-01-01T21:41:49+02:00"},{"@type":"WebSite","@id":"https:\/\/light24.net\/fi\/#website","url":"https:\/\/light24.net\/fi\/","name":"Light24","description":"Valon tavaratalo | Ammatillinen valaistusratkaisut","inLanguage":"fi","publisher":{"@id":"https:\/\/light24.net\/fi\/#organization"}}]},"og:locale":"fi_FI","og:site_name":"Light24 \u2022 Valon tavaratalo | Ammatillinen valaistusratkaisut","og:type":"article","og:title":"FARO BARCELONA TERA PLASTER 6W 2700K, 51cm \u2022 Light24","og:description":"Anteeksi, mutta t\u00e4m\u00e4 kirjoitus on saatavana ainoastaan n\u00e4ill\u00e4 kielill\u00e4: Lietuvi\u0173, Deutsch, Fran\u00e7ais ja Espa\u00f1ol.","og:url":"https:\/\/light24.net\/fi\/toode\/siseruumide_valgustid\/seinavalgustid\/kipsist-seinavalgusti-tera\/","og:image":"https:\/\/light24.net\/wp-content\/uploads\/2020\/04\/tera.jpg","og:image:secure_url":"https:\/\/light24.net\/wp-content\/uploads\/2020\/04\/tera.jpg","og:image:width":750,"og:image:height":750,"article:published_time":"2024-11-27T06:49:17+00:00","article:modified_time":"2026-01-01T19:41:49+00:00","article:publisher":"https:\/\/www.facebook.com\/light24.ee","twitter:card":"summary","twitter:title":"FARO BARCELONA TERA PLASTER 6W 2700K, 51cm \u2022 Light24","twitter:description":"Anteeksi, mutta t\u00e4m\u00e4 kirjoitus on saatavana ainoastaan n\u00e4ill\u00e4 kielill\u00e4: Lietuvi\u0173, Deutsch, Fran\u00e7ais ja Espa\u00f1ol.","twitter:image":"https:\/\/light24.net\/wp-content\/uploads\/2020\/04\/tera.jpg"},"aioseo_meta_data":{"post_id":"68742","title":null,"description":null,"keywords":null,"keyphrases":{"focus":{"keyphrase":"","score":0,"analysis":{"keyphraseInTitle":{"score":0,"maxScore":9,"error":1}}},"additional":[]},"primary_term":null,"canonical_url":null,"og_title":null,"og_description":null,"og_object_type":"default","og_image_type":"default","og_image_url":null,"og_image_width":null,"og_image_height":null,"og_image_custom_url":null,"og_image_custom_fields":null,"og_video":"","og_custom_url":null,"og_article_section":null,"og_article_tags":null,"twitter_use_og":false,"twitter_card":"default","twitter_image_type":"default","twitter_image_url":null,"twitter_image_custom_url":null,"twitter_image_custom_fields":null,"twitter_title":null,"twitter_description":null,"schema":{"blockGraphs":[],"customGraphs":[],"default":{"data":{"Article":[],"Course":[],"Dataset":[],"FAQPage":[],"Movie":[],"Person":[],"Product":[],"ProductReview":[],"Car":[],"Recipe":[],"Service":[],"SoftwareApplication":[],"WebPage":[]},"graphName":"Product","isEnabled":true},"graphs":[],"defaultGraph":"","defaultPostTypeGraph":""},"schema_type":"default","schema_type_options":null,"pillar_content":false,"robots_default":true,"robots_noindex":false,"robots_noarchive":false,"robots_nosnippet":false,"robots_nofollow":false,"robots_noimageindex":false,"robots_noodp":false,"robots_notranslate":false,"robots_max_snippet":"-1","robots_max_videopreview":"-1","robots_max_imagepreview":"large","priority":null,"frequency":"default","local_seo":null,"seo_analyzer_scan_date":"2026-01-01 19:42:20","breadcrumb_settings":null,"limit_modified_date":false,"reviewed_by":null,"open_ai":null,"ai":{"faqs":[],"keyPoints":[],"titles":[],"descriptions":[],"socialPosts":{"email":[],"linkedin":[],"twitter":[],"facebook":[],"instagram":[]}},"created":"2022-02-17 15:42:52","updated":"2026-01-01 19:42:20"},"aioseo_breadcrumb":"<div class=\"aioseo-breadcrumbs\"><span class=\"aioseo-breadcrumb\">\n\t<a href=\"https:\/\/light24.net\/fi\" title=\"Home\">Home<\/a>\n<\/span><span class=\"aioseo-breadcrumb-separator\">&raquo;<\/span><span class=\"aioseo-breadcrumb\">\n\t<a href=\"https:\/\/light24.net\/fi\/shop\/\" title=\"Verkkokauppa\">Verkkokauppa<\/a>\n<\/span><span class=\"aioseo-breadcrumb-separator\">&raquo;<\/span><span class=\"aioseo-breadcrumb\">\n\t<a href=\"https:\/\/light24.net\/fi\/product-category\/siseruumide_valgustid\/\" title=\"Sis\u00e4valaisimet\">Sis\u00e4valaisimet<\/a>\n<\/span><span class=\"aioseo-breadcrumb-separator\">&raquo;<\/span><span class=\"aioseo-breadcrumb\">\n\t<a href=\"https:\/\/light24.net\/fi\/product-category\/siseruumide_valgustid\/seinavalgustid\/\" title=\"Sein\u00e4valot\">Sein\u00e4valot<\/a>\n<\/span><span class=\"aioseo-breadcrumb-separator\">&raquo;<\/span><span class=\"aioseo-breadcrumb\">\n\tFARO BARCELONA TERA PLASTER 6W 2700K,  51cm\n<\/span><\/div>","aioseo_breadcrumb_json":[{"label":"Home","link":"https:\/\/light24.net\/fi"},{"label":"Verkkokauppa","link":"https:\/\/light24.net\/fi\/shop\/"},{"label":"Sis\u00e4valaisimet","link":"https:\/\/light24.net\/fi\/product-category\/siseruumide_valgustid\/"},{"label":"Sein\u00e4valot","link":"https:\/\/light24.net\/fi\/product-category\/siseruumide_valgustid\/seinavalgustid\/"},{"label":"FARO BARCELONA TERA PLASTER 6W 2700K,  51cm","link":"https:\/\/light24.net\/fi\/toode\/siseruumide_valgustid\/seinavalgustid\/kipsist-seinavalgusti-tera\/"}],"_links":{"self":[{"href":"https:\/\/light24.net\/fi\/wp-json\/wp\/v2\/product\/68742","targetHints":{"allow":["GET"]}}],"collection":[{"href":"https:\/\/light24.net\/fi\/wp-json\/wp\/v2\/product"}],"about":[{"href":"https:\/\/light24.net\/fi\/wp-json\/wp\/v2\/types\/product"}],"replies":[{"embeddable":true,"href":"https:\/\/light24.net\/fi\/wp-json\/wp\/v2\/comments?post=68742"}],"wp:featuredmedia":[{"embeddable":true,"href":"https:\/\/light24.net\/fi\/wp-json\/wp\/v2\/media\/68743"}],"wp:attachment":[{"href":"https:\/\/light24.net\/fi\/wp-json\/wp\/v2\/media?parent=68742"}],"wp:term":[{"taxonomy":"product_cat","embeddable":true,"href":"https:\/\/light24.net\/fi\/wp-json\/wp\/v2\/product_cat?post=68742"},{"taxonomy":"product_tag","embeddable":true,"href":"https:\/\/light24.net\/fi\/wp-json\/wp\/v2\/product_tag?post=68742"}],"curies":[{"name":"wp","href":"https:\/\/api.w.org\/{rel}","templated":true}]}}