{"id":73832,"date":"2020-11-27T12:04:02","date_gmt":"2020-11-27T10:04:02","guid":{"rendered":"https:\/\/www.light24.ee\/?post_type=product&#038;p=73832"},"modified":"2023-04-05T17:20:43","modified_gmt":"2023-04-05T14:20:43","slug":"plafoonvalgusti-oda","status":"publish","type":"product","link":"https:\/\/light24.net\/fi\/toode\/siseruumide_valgustid\/plafoonid\/plafoonvalgusti-oda\/","title":{"rendered":"ODA"},"content":{"rendered":"<p><a title=\"MAXLIGHT\" href=\"https:\/\/www.light24.ee\/brands\/maxlight\/\" target=\"_blank\" rel=\"noopener noreferrer\"><img decoding=\"async\" class=\"alignnone size-full wp-image-58507\" src=\"https:\/\/www.light24.ee\/wp-content\/uploads\/2018\/10\/max-uus-logo.jpg\" alt=\"\" width=\"182\" height=\"118\" \/><\/a><\/p>","protected":false},"excerpt":{"rendered":"","protected":false},"featured_media":73838,"comment_status":"closed","ping_status":"closed","template":"","meta":{"_acf_changed":false},"product_cat":[7280,244],"product_tag":[1913],"class_list":{"0":"post-73832","1":"product","2":"type-product","3":"status-publish","4":"has-post-thumbnail","6":"product_cat-siseruumide_valgustid","7":"product_cat-plafoonid","8":"product_tag-maxlight","9":"product_shipping_class-standard","10":"pa_ip-kaitseklass-1586","11":"pa_materjal-metall","12":"pa_materjal-klaas","13":"pa_ruumid-soogituba","14":"pa_ruumid-magamistuba","15":"pa_ruumid-kook","16":"pa_ruumid-esik_ja_trepihall","17":"pa_ruumid-kodukontor","18":"pa_ruumid-lastetuba","19":"pa_ruumid-hotellid-ja-restoranid","20":"pa_tarneaeg-10-paeva","21":"pa_tehnilised-andmed-315w-led-e27","22":"pa_valgusallikas-komplektis-ei","23":"pa_varv-must","24":"pa_varv-valge","26":"first","27":"instock","28":"taxable","29":"shipping-taxable","30":"purchasable","31":"product-type-variable"},"acf":[],"aioseo_notices":[],"aioseo_head":"\n\t\t<!-- All in One SEO Pro 4.9.6.2 - aioseo.com -->\n\t<meta name=\"description\" content=\"Anteeksi, mutta t\u00e4m\u00e4 kirjoitus on saatavana ainoastaan n\u00e4ill\u00e4 kielill\u00e4: Eesti.\" \/>\n\t<meta name=\"robots\" content=\"max-image-preview:large\" \/>\n\t<meta name=\"google-site-verification\" content=\"nxgDPK3Ouk6bwvuxlwlzeMOKszmf-8m57RDu5zAgN-Y\" \/>\n\t<link rel=\"canonical\" href=\"https:\/\/light24.net\/fi\/toode\/siseruumide_valgustid\/plafoonid\/plafoonvalgusti-oda\/\" \/>\n\t<meta name=\"generator\" content=\"All in One SEO Pro (AIOSEO) 4.9.6.2\" \/>\n\t\t<meta property=\"og:locale\" content=\"fi_FI\" \/>\n\t\t<meta property=\"og:site_name\" content=\"Light24 \u2022 Valon tavaratalo | Ammatillinen valaistusratkaisut\" \/>\n\t\t<meta property=\"og:type\" content=\"article\" \/>\n\t\t<meta property=\"og:title\" content=\"ODA \u2022 Light24\" \/>\n\t\t<meta property=\"og:description\" content=\"Anteeksi, mutta t\u00e4m\u00e4 kirjoitus on saatavana ainoastaan n\u00e4ill\u00e4 kielill\u00e4: Eesti.\" \/>\n\t\t<meta property=\"og:url\" content=\"https:\/\/light24.net\/fi\/toode\/siseruumide_valgustid\/plafoonid\/plafoonvalgusti-oda\/\" \/>\n\t\t<meta property=\"og:image\" content=\"https:\/\/light24.net\/wp-content\/uploads\/2020\/11\/44-1.jpg\" \/>\n\t\t<meta property=\"og:image:secure_url\" content=\"https:\/\/light24.net\/wp-content\/uploads\/2020\/11\/44-1.jpg\" \/>\n\t\t<meta property=\"og:image:width\" content=\"883\" \/>\n\t\t<meta property=\"og:image:height\" content=\"883\" \/>\n\t\t<meta property=\"article:published_time\" content=\"2020-11-27T10:04:02+00:00\" \/>\n\t\t<meta property=\"article:modified_time\" content=\"2023-04-05T14:20:43+00:00\" \/>\n\t\t<meta property=\"article:publisher\" content=\"https:\/\/www.facebook.com\/light24.ee\" \/>\n\t\t<meta name=\"twitter:card\" content=\"summary\" \/>\n\t\t<meta name=\"twitter:title\" content=\"ODA \u2022 Light24\" \/>\n\t\t<meta name=\"twitter:description\" content=\"Anteeksi, mutta t\u00e4m\u00e4 kirjoitus on saatavana ainoastaan n\u00e4ill\u00e4 kielill\u00e4: Eesti.\" \/>\n\t\t<meta name=\"twitter:image\" content=\"https:\/\/light24.net\/wp-content\/uploads\/2020\/11\/44-1.jpg\" \/>\n\t\t<script type=\"application\/ld+json\" class=\"aioseo-schema\">\n\t\t\t{\"@context\":\"https:\\\/\\\/schema.org\",\"@graph\":[{\"@type\":\"BreadcrumbList\",\"@id\":\"https:\\\/\\\/light24.net\\\/fi\\\/toode\\\/siseruumide_valgustid\\\/plafoonid\\\/plafoonvalgusti-oda\\\/#breadcrumblist\",\"itemListElement\":[{\"@type\":\"ListItem\",\"@id\":\"https:\\\/\\\/light24.net\\\/fi#listItem\",\"position\":1,\"name\":\"Home\",\"item\":\"https:\\\/\\\/light24.net\\\/fi\",\"nextItem\":{\"@type\":\"ListItem\",\"@id\":\"https:\\\/\\\/light24.net\\\/fi\\\/shop\\\/#listItem\",\"name\":\"Verkkokauppa\"}},{\"@type\":\"ListItem\",\"@id\":\"https:\\\/\\\/light24.net\\\/fi\\\/shop\\\/#listItem\",\"position\":2,\"name\":\"Verkkokauppa\",\"item\":\"https:\\\/\\\/light24.net\\\/fi\\\/shop\\\/\",\"nextItem\":{\"@type\":\"ListItem\",\"@id\":\"https:\\\/\\\/light24.net\\\/fi\\\/product-category\\\/siseruumide_valgustid\\\/#listItem\",\"name\":\"Sis\\u00e4valaisimet\"},\"previousItem\":{\"@type\":\"ListItem\",\"@id\":\"https:\\\/\\\/light24.net\\\/fi#listItem\",\"name\":\"Home\"}},{\"@type\":\"ListItem\",\"@id\":\"https:\\\/\\\/light24.net\\\/fi\\\/product-category\\\/siseruumide_valgustid\\\/#listItem\",\"position\":3,\"name\":\"Sis\\u00e4valaisimet\",\"item\":\"https:\\\/\\\/light24.net\\\/fi\\\/product-category\\\/siseruumide_valgustid\\\/\",\"nextItem\":{\"@type\":\"ListItem\",\"@id\":\"https:\\\/\\\/light24.net\\\/fi\\\/product-category\\\/siseruumide_valgustid\\\/plafoonid\\\/#listItem\",\"name\":\"Plafondit\"},\"previousItem\":{\"@type\":\"ListItem\",\"@id\":\"https:\\\/\\\/light24.net\\\/fi\\\/shop\\\/#listItem\",\"name\":\"Verkkokauppa\"}},{\"@type\":\"ListItem\",\"@id\":\"https:\\\/\\\/light24.net\\\/fi\\\/product-category\\\/siseruumide_valgustid\\\/plafoonid\\\/#listItem\",\"position\":4,\"name\":\"Plafondit\",\"item\":\"https:\\\/\\\/light24.net\\\/fi\\\/product-category\\\/siseruumide_valgustid\\\/plafoonid\\\/\",\"nextItem\":{\"@type\":\"ListItem\",\"@id\":\"https:\\\/\\\/light24.net\\\/fi\\\/toode\\\/siseruumide_valgustid\\\/plafoonid\\\/plafoonvalgusti-oda\\\/#listItem\",\"name\":\"ODA\"},\"previousItem\":{\"@type\":\"ListItem\",\"@id\":\"https:\\\/\\\/light24.net\\\/fi\\\/product-category\\\/siseruumide_valgustid\\\/#listItem\",\"name\":\"Sis\\u00e4valaisimet\"}},{\"@type\":\"ListItem\",\"@id\":\"https:\\\/\\\/light24.net\\\/fi\\\/toode\\\/siseruumide_valgustid\\\/plafoonid\\\/plafoonvalgusti-oda\\\/#listItem\",\"position\":5,\"name\":\"ODA\",\"previousItem\":{\"@type\":\"ListItem\",\"@id\":\"https:\\\/\\\/light24.net\\\/fi\\\/product-category\\\/siseruumide_valgustid\\\/plafoonid\\\/#listItem\",\"name\":\"Plafondit\"}}]},{\"@type\":\"Organization\",\"@id\":\"https:\\\/\\\/light24.net\\\/fi\\\/#organization\",\"name\":\"Light24\",\"description\":\"Valon tavaratalo | Ammatillinen valaistusratkaisut\",\"url\":\"https:\\\/\\\/light24.net\\\/fi\\\/\",\"telephone\":\"+3725184133\",\"logo\":{\"@type\":\"ImageObject\",\"url\":\"https:\\\/\\\/www.light24.ee\\\/wp-content\\\/uploads\\\/2022\\\/03\\\/Shape-2-3.svg\",\"@id\":\"https:\\\/\\\/light24.net\\\/fi\\\/toode\\\/siseruumide_valgustid\\\/plafoonid\\\/plafoonvalgusti-oda\\\/#organizationLogo\"},\"image\":{\"@id\":\"https:\\\/\\\/light24.net\\\/fi\\\/toode\\\/siseruumide_valgustid\\\/plafoonid\\\/plafoonvalgusti-oda\\\/#organizationLogo\"},\"sameAs\":[\"https:\\\/\\\/www.facebook.com\\\/light24.ee\",\"https:\\\/\\\/www.instagram.com\\\/light24official\\\/\"]},{\"@type\":\"ProductGroup\",\"@id\":\"https:\\\/\\\/light24.net\\\/fi\\\/toode\\\/siseruumide_valgustid\\\/plafoonid\\\/plafoonvalgusti-oda\\\/#wooCommerceProduct\",\"name\":\"ODA\",\"url\":\"https:\\\/\\\/light24.net\\\/fi\\\/toode\\\/siseruumide_valgustid\\\/plafoonid\\\/plafoonvalgusti-oda\\\/\",\"sku\":\"MXL112718\",\"image\":{\"@type\":\"ImageObject\",\"url\":\"https:\\\/\\\/light24.net\\\/wp-content\\\/uploads\\\/2020\\\/11\\\/44-1.jpg\",\"@id\":\"https:\\\/\\\/light24.net\\\/fi\\\/toode\\\/siseruumide_valgustid\\\/plafoonid\\\/plafoonvalgusti-oda\\\/#productImage\",\"width\":883,\"height\":883},\"productGroupID\":73832,\"hasVariant\":[{\"@type\":\"Product\",\"@id\":\"https:\\\/\\\/light24.net\\\/fi\\\/toode\\\/siseruumide_valgustid\\\/plafoonid\\\/plafoonvalgusti-oda\\\/#wooCommerceProduct\",\"name\":\"ODA - valge\",\"url\":\"https:\\\/\\\/light24.net\\\/fi\\\/toode\\\/siseruumide_valgustid\\\/plafoonid\\\/plafoonvalgusti-oda\\\/\",\"sku\":\"MXL112718\",\"image\":{\"@type\":\"ImageObject\",\"url\":\"https:\\\/\\\/light24.net\\\/wp-content\\\/uploads\\\/2020\\\/11\\\/1-60.jpg\",\"@id\":\"https:\\\/\\\/light24.net\\\/fi\\\/toode\\\/siseruumide_valgustid\\\/plafoonid\\\/plafoonvalgusti-oda\\\/#productImage\",\"width\":900,\"height\":900},\"offers\":{\"@type\":\"Offer\",\"url\":\"https:\\\/\\\/light24.net\\\/fi\\\/toode\\\/siseruumide_valgustid\\\/plafoonid\\\/plafoonvalgusti-oda\\\/#wooCommerceOffer\",\"price\":\"109\",\"priceCurrency\":\"EUR\",\"category\":\"Sis\\u00e4valaisimet\",\"availability\":\"https:\\\/\\\/schema.org\\\/InStock\",\"priceSpecification\":{\"@type\":\"PriceSpecification\",\"price\":109,\"priceCurrency\":\"EUR\",\"valueAddedTaxIncluded\":\"true\"}}},{\"@type\":\"Product\",\"@id\":\"https:\\\/\\\/light24.net\\\/fi\\\/toode\\\/siseruumide_valgustid\\\/plafoonid\\\/plafoonvalgusti-oda\\\/#wooCommerceProduct\",\"name\":\"ODA - must\",\"url\":\"https:\\\/\\\/light24.net\\\/fi\\\/toode\\\/siseruumide_valgustid\\\/plafoonid\\\/plafoonvalgusti-oda\\\/\",\"sku\":\"MXL112718\",\"image\":{\"@type\":\"ImageObject\",\"url\":\"https:\\\/\\\/light24.net\\\/wp-content\\\/uploads\\\/2020\\\/11\\\/44-1.jpg\",\"@id\":\"https:\\\/\\\/light24.net\\\/fi\\\/toode\\\/siseruumide_valgustid\\\/plafoonid\\\/plafoonvalgusti-oda\\\/#productImage\",\"width\":883,\"height\":883},\"offers\":{\"@type\":\"Offer\",\"url\":\"https:\\\/\\\/light24.net\\\/fi\\\/toode\\\/siseruumide_valgustid\\\/plafoonid\\\/plafoonvalgusti-oda\\\/#wooCommerceOffer\",\"price\":\"109\",\"priceCurrency\":\"EUR\",\"category\":\"Sis\\u00e4valaisimet\",\"availability\":\"https:\\\/\\\/schema.org\\\/InStock\",\"priceSpecification\":{\"@type\":\"PriceSpecification\",\"price\":109,\"priceCurrency\":\"EUR\",\"valueAddedTaxIncluded\":\"true\"}}}]},{\"@type\":\"WebPage\",\"@id\":\"https:\\\/\\\/light24.net\\\/fi\\\/toode\\\/siseruumide_valgustid\\\/plafoonid\\\/plafoonvalgusti-oda\\\/#webpage\",\"url\":\"https:\\\/\\\/light24.net\\\/fi\\\/toode\\\/siseruumide_valgustid\\\/plafoonid\\\/plafoonvalgusti-oda\\\/\",\"name\":\"ODA \\u2022 Light24\",\"description\":\"Anteeksi, mutta t\\u00e4m\\u00e4 kirjoitus on saatavana ainoastaan n\\u00e4ill\\u00e4 kielill\\u00e4: Eesti.\",\"inLanguage\":\"fi\",\"isPartOf\":{\"@id\":\"https:\\\/\\\/light24.net\\\/fi\\\/#website\"},\"breadcrumb\":{\"@id\":\"https:\\\/\\\/light24.net\\\/fi\\\/toode\\\/siseruumide_valgustid\\\/plafoonid\\\/plafoonvalgusti-oda\\\/#breadcrumblist\"},\"image\":{\"@type\":\"ImageObject\",\"url\":\"https:\\\/\\\/light24.net\\\/wp-content\\\/uploads\\\/2020\\\/11\\\/44-1.jpg\",\"@id\":\"https:\\\/\\\/light24.net\\\/fi\\\/toode\\\/siseruumide_valgustid\\\/plafoonid\\\/plafoonvalgusti-oda\\\/#mainImage\",\"width\":883,\"height\":883},\"primaryImageOfPage\":{\"@id\":\"https:\\\/\\\/light24.net\\\/fi\\\/toode\\\/siseruumide_valgustid\\\/plafoonid\\\/plafoonvalgusti-oda\\\/#mainImage\"},\"datePublished\":\"2020-11-27T12:04:02+02:00\",\"dateModified\":\"2023-04-05T17:20:43+03:00\"},{\"@type\":\"WebSite\",\"@id\":\"https:\\\/\\\/light24.net\\\/fi\\\/#website\",\"url\":\"https:\\\/\\\/light24.net\\\/fi\\\/\",\"name\":\"Light24\",\"description\":\"Valon tavaratalo | Ammatillinen valaistusratkaisut\",\"inLanguage\":\"fi\",\"publisher\":{\"@id\":\"https:\\\/\\\/light24.net\\\/fi\\\/#organization\"}}]}\n\t\t<\/script>\n\t\t<!-- All in One SEO Pro -->\r\n\t\t<title>ODA \u2022 Light24<\/title>\n\n","aioseo_head_json":{"title":"ODA \u2022 Light24","description":"Anteeksi, mutta t\u00e4m\u00e4 kirjoitus on saatavana ainoastaan n\u00e4ill\u00e4 kielill\u00e4: Eesti.","canonical_url":"https:\/\/light24.net\/fi\/toode\/siseruumide_valgustid\/plafoonid\/plafoonvalgusti-oda\/","robots":"max-image-preview:large","keywords":"","webmasterTools":{"google-site-verification":"nxgDPK3Ouk6bwvuxlwlzeMOKszmf-8m57RDu5zAgN-Y","miscellaneous":""},"schema":{"@context":"https:\/\/schema.org","@graph":[{"@type":"BreadcrumbList","@id":"https:\/\/light24.net\/fi\/toode\/siseruumide_valgustid\/plafoonid\/plafoonvalgusti-oda\/#breadcrumblist","itemListElement":[{"@type":"ListItem","@id":"https:\/\/light24.net\/fi#listItem","position":1,"name":"Home","item":"https:\/\/light24.net\/fi","nextItem":{"@type":"ListItem","@id":"https:\/\/light24.net\/fi\/shop\/#listItem","name":"Verkkokauppa"}},{"@type":"ListItem","@id":"https:\/\/light24.net\/fi\/shop\/#listItem","position":2,"name":"Verkkokauppa","item":"https:\/\/light24.net\/fi\/shop\/","nextItem":{"@type":"ListItem","@id":"https:\/\/light24.net\/fi\/product-category\/siseruumide_valgustid\/#listItem","name":"Sis\u00e4valaisimet"},"previousItem":{"@type":"ListItem","@id":"https:\/\/light24.net\/fi#listItem","name":"Home"}},{"@type":"ListItem","@id":"https:\/\/light24.net\/fi\/product-category\/siseruumide_valgustid\/#listItem","position":3,"name":"Sis\u00e4valaisimet","item":"https:\/\/light24.net\/fi\/product-category\/siseruumide_valgustid\/","nextItem":{"@type":"ListItem","@id":"https:\/\/light24.net\/fi\/product-category\/siseruumide_valgustid\/plafoonid\/#listItem","name":"Plafondit"},"previousItem":{"@type":"ListItem","@id":"https:\/\/light24.net\/fi\/shop\/#listItem","name":"Verkkokauppa"}},{"@type":"ListItem","@id":"https:\/\/light24.net\/fi\/product-category\/siseruumide_valgustid\/plafoonid\/#listItem","position":4,"name":"Plafondit","item":"https:\/\/light24.net\/fi\/product-category\/siseruumide_valgustid\/plafoonid\/","nextItem":{"@type":"ListItem","@id":"https:\/\/light24.net\/fi\/toode\/siseruumide_valgustid\/plafoonid\/plafoonvalgusti-oda\/#listItem","name":"ODA"},"previousItem":{"@type":"ListItem","@id":"https:\/\/light24.net\/fi\/product-category\/siseruumide_valgustid\/#listItem","name":"Sis\u00e4valaisimet"}},{"@type":"ListItem","@id":"https:\/\/light24.net\/fi\/toode\/siseruumide_valgustid\/plafoonid\/plafoonvalgusti-oda\/#listItem","position":5,"name":"ODA","previousItem":{"@type":"ListItem","@id":"https:\/\/light24.net\/fi\/product-category\/siseruumide_valgustid\/plafoonid\/#listItem","name":"Plafondit"}}]},{"@type":"Organization","@id":"https:\/\/light24.net\/fi\/#organization","name":"Light24","description":"Valon tavaratalo | Ammatillinen valaistusratkaisut","url":"https:\/\/light24.net\/fi\/","telephone":"+3725184133","logo":{"@type":"ImageObject","url":"https:\/\/www.light24.ee\/wp-content\/uploads\/2022\/03\/Shape-2-3.svg","@id":"https:\/\/light24.net\/fi\/toode\/siseruumide_valgustid\/plafoonid\/plafoonvalgusti-oda\/#organizationLogo"},"image":{"@id":"https:\/\/light24.net\/fi\/toode\/siseruumide_valgustid\/plafoonid\/plafoonvalgusti-oda\/#organizationLogo"},"sameAs":["https:\/\/www.facebook.com\/light24.ee","https:\/\/www.instagram.com\/light24official\/"]},{"@type":"ProductGroup","@id":"https:\/\/light24.net\/fi\/toode\/siseruumide_valgustid\/plafoonid\/plafoonvalgusti-oda\/#wooCommerceProduct","name":"ODA","url":"https:\/\/light24.net\/fi\/toode\/siseruumide_valgustid\/plafoonid\/plafoonvalgusti-oda\/","sku":"MXL112718","image":{"@type":"ImageObject","url":"https:\/\/light24.net\/wp-content\/uploads\/2020\/11\/44-1.jpg","@id":"https:\/\/light24.net\/fi\/toode\/siseruumide_valgustid\/plafoonid\/plafoonvalgusti-oda\/#productImage","width":883,"height":883},"productGroupID":73832,"hasVariant":[{"@type":"Product","@id":"https:\/\/light24.net\/fi\/toode\/siseruumide_valgustid\/plafoonid\/plafoonvalgusti-oda\/#wooCommerceProduct","name":"ODA - valge","url":"https:\/\/light24.net\/fi\/toode\/siseruumide_valgustid\/plafoonid\/plafoonvalgusti-oda\/","sku":"MXL112718","image":{"@type":"ImageObject","url":"https:\/\/light24.net\/wp-content\/uploads\/2020\/11\/1-60.jpg","@id":"https:\/\/light24.net\/fi\/toode\/siseruumide_valgustid\/plafoonid\/plafoonvalgusti-oda\/#productImage","width":900,"height":900},"offers":{"@type":"Offer","url":"https:\/\/light24.net\/fi\/toode\/siseruumide_valgustid\/plafoonid\/plafoonvalgusti-oda\/#wooCommerceOffer","price":"109","priceCurrency":"EUR","category":"Sis\u00e4valaisimet","availability":"https:\/\/schema.org\/InStock","priceSpecification":{"@type":"PriceSpecification","price":109,"priceCurrency":"EUR","valueAddedTaxIncluded":"true"}}},{"@type":"Product","@id":"https:\/\/light24.net\/fi\/toode\/siseruumide_valgustid\/plafoonid\/plafoonvalgusti-oda\/#wooCommerceProduct","name":"ODA - must","url":"https:\/\/light24.net\/fi\/toode\/siseruumide_valgustid\/plafoonid\/plafoonvalgusti-oda\/","sku":"MXL112718","image":{"@type":"ImageObject","url":"https:\/\/light24.net\/wp-content\/uploads\/2020\/11\/44-1.jpg","@id":"https:\/\/light24.net\/fi\/toode\/siseruumide_valgustid\/plafoonid\/plafoonvalgusti-oda\/#productImage","width":883,"height":883},"offers":{"@type":"Offer","url":"https:\/\/light24.net\/fi\/toode\/siseruumide_valgustid\/plafoonid\/plafoonvalgusti-oda\/#wooCommerceOffer","price":"109","priceCurrency":"EUR","category":"Sis\u00e4valaisimet","availability":"https:\/\/schema.org\/InStock","priceSpecification":{"@type":"PriceSpecification","price":109,"priceCurrency":"EUR","valueAddedTaxIncluded":"true"}}}]},{"@type":"WebPage","@id":"https:\/\/light24.net\/fi\/toode\/siseruumide_valgustid\/plafoonid\/plafoonvalgusti-oda\/#webpage","url":"https:\/\/light24.net\/fi\/toode\/siseruumide_valgustid\/plafoonid\/plafoonvalgusti-oda\/","name":"ODA \u2022 Light24","description":"Anteeksi, mutta t\u00e4m\u00e4 kirjoitus on saatavana ainoastaan n\u00e4ill\u00e4 kielill\u00e4: Eesti.","inLanguage":"fi","isPartOf":{"@id":"https:\/\/light24.net\/fi\/#website"},"breadcrumb":{"@id":"https:\/\/light24.net\/fi\/toode\/siseruumide_valgustid\/plafoonid\/plafoonvalgusti-oda\/#breadcrumblist"},"image":{"@type":"ImageObject","url":"https:\/\/light24.net\/wp-content\/uploads\/2020\/11\/44-1.jpg","@id":"https:\/\/light24.net\/fi\/toode\/siseruumide_valgustid\/plafoonid\/plafoonvalgusti-oda\/#mainImage","width":883,"height":883},"primaryImageOfPage":{"@id":"https:\/\/light24.net\/fi\/toode\/siseruumide_valgustid\/plafoonid\/plafoonvalgusti-oda\/#mainImage"},"datePublished":"2020-11-27T12:04:02+02:00","dateModified":"2023-04-05T17:20:43+03:00"},{"@type":"WebSite","@id":"https:\/\/light24.net\/fi\/#website","url":"https:\/\/light24.net\/fi\/","name":"Light24","description":"Valon tavaratalo | Ammatillinen valaistusratkaisut","inLanguage":"fi","publisher":{"@id":"https:\/\/light24.net\/fi\/#organization"}}]},"og:locale":"fi_FI","og:site_name":"Light24 \u2022 Valon tavaratalo | Ammatillinen valaistusratkaisut","og:type":"article","og:title":"ODA \u2022 Light24","og:description":"Anteeksi, mutta t\u00e4m\u00e4 kirjoitus on saatavana ainoastaan n\u00e4ill\u00e4 kielill\u00e4: Eesti.","og:url":"https:\/\/light24.net\/fi\/toode\/siseruumide_valgustid\/plafoonid\/plafoonvalgusti-oda\/","og:image":"https:\/\/light24.net\/wp-content\/uploads\/2020\/11\/44-1.jpg","og:image:secure_url":"https:\/\/light24.net\/wp-content\/uploads\/2020\/11\/44-1.jpg","og:image:width":883,"og:image:height":883,"article:published_time":"2020-11-27T10:04:02+00:00","article:modified_time":"2023-04-05T14:20:43+00:00","article:publisher":"https:\/\/www.facebook.com\/light24.ee","twitter:card":"summary","twitter:title":"ODA \u2022 Light24","twitter:description":"Anteeksi, mutta t\u00e4m\u00e4 kirjoitus on saatavana ainoastaan n\u00e4ill\u00e4 kielill\u00e4: Eesti.","twitter:image":"https:\/\/light24.net\/wp-content\/uploads\/2020\/11\/44-1.jpg"},"aioseo_meta_data":{"post_id":"73832","title":null,"description":null,"keywords":[],"keyphrases":{"focus":{"keyphrase":"","score":0,"analysis":{"keyphraseInTitle":{"score":0,"maxScore":9,"error":1}}},"additional":[]},"primary_term":null,"canonical_url":null,"og_title":null,"og_description":null,"og_object_type":"default","og_image_type":"default","og_image_url":null,"og_image_width":null,"og_image_height":null,"og_image_custom_url":null,"og_image_custom_fields":null,"og_video":"","og_custom_url":null,"og_article_section":null,"og_article_tags":[],"twitter_use_og":false,"twitter_card":"default","twitter_image_type":"default","twitter_image_url":null,"twitter_image_custom_url":null,"twitter_image_custom_fields":null,"twitter_title":null,"twitter_description":null,"schema":{"blockGraphs":[],"customGraphs":[],"default":{"data":{"Article":[],"Course":[],"Dataset":[],"FAQPage":[],"Movie":[],"Person":[],"Product":[],"ProductReview":[],"Car":[],"Recipe":[],"Service":[],"SoftwareApplication":[],"WebPage":[]},"graphName":"ItemPage","isEnabled":true},"graphs":[],"defaultGraph":"","defaultPostTypeGraph":""},"schema_type":"default","schema_type_options":null,"pillar_content":false,"robots_default":true,"robots_noindex":false,"robots_noarchive":false,"robots_nosnippet":false,"robots_nofollow":false,"robots_noimageindex":false,"robots_noodp":false,"robots_notranslate":false,"robots_max_snippet":"-1","robots_max_videopreview":"-1","robots_max_imagepreview":"large","priority":null,"frequency":"default","local_seo":null,"seo_analyzer_scan_date":"2025-10-26 22:35:56","breadcrumb_settings":null,"limit_modified_date":false,"reviewed_by":null,"open_ai":"{\"title\":{\"suggestions\":[],\"usage\":0},\"description\":{\"suggestions\":[],\"usage\":0}}","ai":null,"created":"2022-02-17 16:15:20","updated":"2025-10-26 22:35:56"},"aioseo_breadcrumb":"<div class=\"aioseo-breadcrumbs\"><span class=\"aioseo-breadcrumb\">\n\t<a href=\"https:\/\/light24.net\/fi\" title=\"Home\">Home<\/a>\n<\/span><span class=\"aioseo-breadcrumb-separator\">&raquo;<\/span><span class=\"aioseo-breadcrumb\">\n\t<a href=\"https:\/\/light24.net\/fi\/shop\/\" title=\"Verkkokauppa\">Verkkokauppa<\/a>\n<\/span><span class=\"aioseo-breadcrumb-separator\">&raquo;<\/span><span class=\"aioseo-breadcrumb\">\n\t<a href=\"https:\/\/light24.net\/fi\/product-category\/siseruumide_valgustid\/\" title=\"Sis\u00e4valaisimet\">Sis\u00e4valaisimet<\/a>\n<\/span><span class=\"aioseo-breadcrumb-separator\">&raquo;<\/span><span class=\"aioseo-breadcrumb\">\n\t<a href=\"https:\/\/light24.net\/fi\/product-category\/siseruumide_valgustid\/plafoonid\/\" title=\"Plafondit\">Plafondit<\/a>\n<\/span><span class=\"aioseo-breadcrumb-separator\">&raquo;<\/span><span class=\"aioseo-breadcrumb\">\n\tODA\n<\/span><\/div>","aioseo_breadcrumb_json":[{"label":"Home","link":"https:\/\/light24.net\/fi"},{"label":"Verkkokauppa","link":"https:\/\/light24.net\/fi\/shop\/"},{"label":"Sis\u00e4valaisimet","link":"https:\/\/light24.net\/fi\/product-category\/siseruumide_valgustid\/"},{"label":"Plafondit","link":"https:\/\/light24.net\/fi\/product-category\/siseruumide_valgustid\/plafoonid\/"},{"label":"ODA","link":"https:\/\/light24.net\/fi\/toode\/siseruumide_valgustid\/plafoonid\/plafoonvalgusti-oda\/"}],"_links":{"self":[{"href":"https:\/\/light24.net\/fi\/wp-json\/wp\/v2\/product\/73832","targetHints":{"allow":["GET"]}}],"collection":[{"href":"https:\/\/light24.net\/fi\/wp-json\/wp\/v2\/product"}],"about":[{"href":"https:\/\/light24.net\/fi\/wp-json\/wp\/v2\/types\/product"}],"replies":[{"embeddable":true,"href":"https:\/\/light24.net\/fi\/wp-json\/wp\/v2\/comments?post=73832"}],"wp:featuredmedia":[{"embeddable":true,"href":"https:\/\/light24.net\/fi\/wp-json\/wp\/v2\/media\/73838"}],"wp:attachment":[{"href":"https:\/\/light24.net\/fi\/wp-json\/wp\/v2\/media?parent=73832"}],"wp:term":[{"taxonomy":"product_cat","embeddable":true,"href":"https:\/\/light24.net\/fi\/wp-json\/wp\/v2\/product_cat?post=73832"},{"taxonomy":"product_tag","embeddable":true,"href":"https:\/\/light24.net\/fi\/wp-json\/wp\/v2\/product_tag?post=73832"}],"curies":[{"name":"wp","href":"https:\/\/api.w.org\/{rel}","templated":true}]}}