{"id":94944,"date":"2021-12-07T13:47:42","date_gmt":"2021-12-07T11:47:42","guid":{"rendered":"https:\/\/www.light24.ee\/?post_type=product&#038;p=94944"},"modified":"2024-09-06T14:17:30","modified_gmt":"2024-09-06T11:17:30","slug":"pinnapealne-allvalgusti-papiko-ip65","status":"publish","type":"product","link":"https:\/\/light24.net\/fi\/toode\/siseruumide_valgustid\/pinnapealsed-allvalgustid\/pinnapealne-allvalgusti-papiko-ip65\/","title":{"rendered":"Papiko IP65"},"content":{"rendered":"<p><a href=\"https:\/\/www.light24.ee\/wp-content\/uploads\/2017\/11\/LOG_AZZARDO1.jpg\"><img decoding=\"async\" class=\"alignnone size-full wp-image-39961\" src=\"https:\/\/www.light24.ee\/wp-content\/uploads\/2017\/11\/LOG_AZZARDO1.jpg\" alt=\"\" width=\"182\" height=\"76\" \/><\/a><\/p>","protected":false},"excerpt":{"rendered":"","protected":false},"featured_media":94950,"comment_status":"closed","ping_status":"closed","template":"","meta":{"_acf_changed":false},"product_cat":[7280,2739],"product_tag":[3805],"class_list":{"0":"post-94944","1":"product","2":"type-product","3":"status-publish","4":"has-post-thumbnail","6":"product_cat-siseruumide_valgustid","7":"product_cat-pinnapealsed-allvalgustid","8":"product_tag-azzardo","9":"product_shipping_class-small","10":"pa_ip-kaitseklass-1819","11":"pa_materjal-alumiinium","12":"pa_materjal-akruul","13":"pa_ruumid-elutuba","14":"pa_ruumid-soogituba","15":"pa_ruumid-magamistuba","16":"pa_ruumid-kook","17":"pa_ruumid-esik_ja_trepihall","18":"pa_ruumid-kodukontor","19":"pa_ruumid-lastetuba","20":"pa_ruumid-hotellid-ja-restoranid","21":"pa_tarneaeg-10-paeva","22":"pa_tehnilised-andmed-18w-led-gu10","23":"pa_valgusallikas-komplektis-ei","24":"pa_varv-must","25":"pa_varv-valge","27":"first","28":"instock","29":"taxable","30":"shipping-taxable","31":"purchasable","32":"product-type-variable"},"acf":[],"aioseo_notices":[],"aioseo_head":"\n\t\t<!-- All in One SEO Pro 4.9.6.2 - aioseo.com -->\n\t<meta name=\"description\" content=\"Anteeksi, mutta t\u00e4m\u00e4 kirjoitus on saatavana ainoastaan n\u00e4ill\u00e4 kielill\u00e4: Eesti.\" \/>\n\t<meta name=\"robots\" content=\"max-image-preview:large\" \/>\n\t<meta name=\"google-site-verification\" content=\"nxgDPK3Ouk6bwvuxlwlzeMOKszmf-8m57RDu5zAgN-Y\" \/>\n\t<link rel=\"canonical\" href=\"https:\/\/light24.net\/fi\/toode\/siseruumide_valgustid\/pinnapealsed-allvalgustid\/pinnapealne-allvalgusti-papiko-ip65\/\" \/>\n\t<meta name=\"generator\" content=\"All in One SEO Pro (AIOSEO) 4.9.6.2\" \/>\n\t\t<meta property=\"og:locale\" content=\"fi_FI\" \/>\n\t\t<meta property=\"og:site_name\" content=\"Light24 \u2022 Valon tavaratalo | Ammatillinen valaistusratkaisut\" \/>\n\t\t<meta property=\"og:type\" content=\"article\" \/>\n\t\t<meta property=\"og:title\" content=\"Papiko IP65 \u2022 Light24\" \/>\n\t\t<meta property=\"og:description\" content=\"Anteeksi, mutta t\u00e4m\u00e4 kirjoitus on saatavana ainoastaan n\u00e4ill\u00e4 kielill\u00e4: Eesti.\" \/>\n\t\t<meta property=\"og:url\" content=\"https:\/\/light24.net\/fi\/toode\/siseruumide_valgustid\/pinnapealsed-allvalgustid\/pinnapealne-allvalgusti-papiko-ip65\/\" \/>\n\t\t<meta property=\"og:image\" content=\"https:\/\/light24.net\/wp-content\/uploads\/2021\/12\/papiko1.jpg\" \/>\n\t\t<meta property=\"og:image:secure_url\" content=\"https:\/\/light24.net\/wp-content\/uploads\/2021\/12\/papiko1.jpg\" \/>\n\t\t<meta property=\"og:image:width\" content=\"310\" \/>\n\t\t<meta property=\"og:image:height\" content=\"310\" \/>\n\t\t<meta property=\"article:published_time\" content=\"2021-12-07T11:47:42+00:00\" \/>\n\t\t<meta property=\"article:modified_time\" content=\"2024-09-06T11:17:30+00:00\" \/>\n\t\t<meta property=\"article:publisher\" content=\"https:\/\/www.facebook.com\/light24.ee\" \/>\n\t\t<meta name=\"twitter:card\" content=\"summary\" \/>\n\t\t<meta name=\"twitter:title\" content=\"Papiko IP65 \u2022 Light24\" \/>\n\t\t<meta name=\"twitter:description\" content=\"Anteeksi, mutta t\u00e4m\u00e4 kirjoitus on saatavana ainoastaan n\u00e4ill\u00e4 kielill\u00e4: Eesti.\" \/>\n\t\t<meta name=\"twitter:image\" content=\"https:\/\/light24.net\/wp-content\/uploads\/2021\/12\/papiko1.jpg\" \/>\n\t\t<script type=\"application\/ld+json\" class=\"aioseo-schema\">\n\t\t\t{\"@context\":\"https:\\\/\\\/schema.org\",\"@graph\":[{\"@type\":\"BreadcrumbList\",\"@id\":\"https:\\\/\\\/light24.net\\\/fi\\\/toode\\\/siseruumide_valgustid\\\/pinnapealsed-allvalgustid\\\/pinnapealne-allvalgusti-papiko-ip65\\\/#breadcrumblist\",\"itemListElement\":[{\"@type\":\"ListItem\",\"@id\":\"https:\\\/\\\/light24.net\\\/fi#listItem\",\"position\":1,\"name\":\"Home\",\"item\":\"https:\\\/\\\/light24.net\\\/fi\",\"nextItem\":{\"@type\":\"ListItem\",\"@id\":\"https:\\\/\\\/light24.net\\\/fi\\\/shop\\\/#listItem\",\"name\":\"Verkkokauppa\"}},{\"@type\":\"ListItem\",\"@id\":\"https:\\\/\\\/light24.net\\\/fi\\\/shop\\\/#listItem\",\"position\":2,\"name\":\"Verkkokauppa\",\"item\":\"https:\\\/\\\/light24.net\\\/fi\\\/shop\\\/\",\"nextItem\":{\"@type\":\"ListItem\",\"@id\":\"https:\\\/\\\/light24.net\\\/fi\\\/product-category\\\/siseruumide_valgustid\\\/#listItem\",\"name\":\"Sis\\u00e4valaisimet\"},\"previousItem\":{\"@type\":\"ListItem\",\"@id\":\"https:\\\/\\\/light24.net\\\/fi#listItem\",\"name\":\"Home\"}},{\"@type\":\"ListItem\",\"@id\":\"https:\\\/\\\/light24.net\\\/fi\\\/product-category\\\/siseruumide_valgustid\\\/#listItem\",\"position\":3,\"name\":\"Sis\\u00e4valaisimet\",\"item\":\"https:\\\/\\\/light24.net\\\/fi\\\/product-category\\\/siseruumide_valgustid\\\/\",\"nextItem\":{\"@type\":\"ListItem\",\"@id\":\"https:\\\/\\\/light24.net\\\/fi\\\/product-category\\\/siseruumide_valgustid\\\/pinnapealsed-allvalgustid\\\/#listItem\",\"name\":\"Pinta asennettavat alasvalot\"},\"previousItem\":{\"@type\":\"ListItem\",\"@id\":\"https:\\\/\\\/light24.net\\\/fi\\\/shop\\\/#listItem\",\"name\":\"Verkkokauppa\"}},{\"@type\":\"ListItem\",\"@id\":\"https:\\\/\\\/light24.net\\\/fi\\\/product-category\\\/siseruumide_valgustid\\\/pinnapealsed-allvalgustid\\\/#listItem\",\"position\":4,\"name\":\"Pinta asennettavat alasvalot\",\"item\":\"https:\\\/\\\/light24.net\\\/fi\\\/product-category\\\/siseruumide_valgustid\\\/pinnapealsed-allvalgustid\\\/\",\"nextItem\":{\"@type\":\"ListItem\",\"@id\":\"https:\\\/\\\/light24.net\\\/fi\\\/toode\\\/siseruumide_valgustid\\\/pinnapealsed-allvalgustid\\\/pinnapealne-allvalgusti-papiko-ip65\\\/#listItem\",\"name\":\"Papiko IP65\"},\"previousItem\":{\"@type\":\"ListItem\",\"@id\":\"https:\\\/\\\/light24.net\\\/fi\\\/product-category\\\/siseruumide_valgustid\\\/#listItem\",\"name\":\"Sis\\u00e4valaisimet\"}},{\"@type\":\"ListItem\",\"@id\":\"https:\\\/\\\/light24.net\\\/fi\\\/toode\\\/siseruumide_valgustid\\\/pinnapealsed-allvalgustid\\\/pinnapealne-allvalgusti-papiko-ip65\\\/#listItem\",\"position\":5,\"name\":\"Papiko IP65\",\"previousItem\":{\"@type\":\"ListItem\",\"@id\":\"https:\\\/\\\/light24.net\\\/fi\\\/product-category\\\/siseruumide_valgustid\\\/pinnapealsed-allvalgustid\\\/#listItem\",\"name\":\"Pinta asennettavat alasvalot\"}}]},{\"@type\":\"Organization\",\"@id\":\"https:\\\/\\\/light24.net\\\/fi\\\/#organization\",\"name\":\"Light24\",\"description\":\"Valon tavaratalo | Ammatillinen valaistusratkaisut\",\"url\":\"https:\\\/\\\/light24.net\\\/fi\\\/\",\"telephone\":\"+3725184133\",\"logo\":{\"@type\":\"ImageObject\",\"url\":\"https:\\\/\\\/www.light24.ee\\\/wp-content\\\/uploads\\\/2022\\\/03\\\/Shape-2-3.svg\",\"@id\":\"https:\\\/\\\/light24.net\\\/fi\\\/toode\\\/siseruumide_valgustid\\\/pinnapealsed-allvalgustid\\\/pinnapealne-allvalgusti-papiko-ip65\\\/#organizationLogo\"},\"image\":{\"@id\":\"https:\\\/\\\/light24.net\\\/fi\\\/toode\\\/siseruumide_valgustid\\\/pinnapealsed-allvalgustid\\\/pinnapealne-allvalgusti-papiko-ip65\\\/#organizationLogo\"},\"sameAs\":[\"https:\\\/\\\/www.facebook.com\\\/light24.ee\",\"https:\\\/\\\/www.instagram.com\\\/light24official\\\/\"]},{\"@type\":\"ProductGroup\",\"@id\":\"https:\\\/\\\/light24.net\\\/fi\\\/toode\\\/siseruumide_valgustid\\\/pinnapealsed-allvalgustid\\\/pinnapealne-allvalgusti-papiko-ip65\\\/#wooCommerceProduct\",\"name\":\"Papiko IP65\",\"url\":\"https:\\\/\\\/light24.net\\\/fi\\\/toode\\\/siseruumide_valgustid\\\/pinnapealsed-allvalgustid\\\/pinnapealne-allvalgusti-papiko-ip65\\\/\",\"sku\":\"AZZ11512\",\"image\":{\"@type\":\"ImageObject\",\"url\":\"https:\\\/\\\/light24.net\\\/wp-content\\\/uploads\\\/2021\\\/12\\\/papiko1.jpg\",\"@id\":\"https:\\\/\\\/light24.net\\\/fi\\\/toode\\\/siseruumide_valgustid\\\/pinnapealsed-allvalgustid\\\/pinnapealne-allvalgusti-papiko-ip65\\\/#productImage\",\"width\":310,\"height\":310},\"productGroupID\":94944,\"hasVariant\":[{\"@type\":\"Product\",\"@id\":\"https:\\\/\\\/light24.net\\\/fi\\\/toode\\\/siseruumide_valgustid\\\/pinnapealsed-allvalgustid\\\/pinnapealne-allvalgusti-papiko-ip65\\\/#wooCommerceProduct\",\"name\":\"Papiko IP65 - valge\",\"url\":\"https:\\\/\\\/light24.net\\\/fi\\\/toode\\\/siseruumide_valgustid\\\/pinnapealsed-allvalgustid\\\/pinnapealne-allvalgusti-papiko-ip65\\\/\",\"sku\":\"AZZ11512\",\"image\":{\"@type\":\"ImageObject\",\"url\":\"https:\\\/\\\/light24.net\\\/wp-content\\\/uploads\\\/2021\\\/12\\\/papiko.jpg\",\"@id\":\"https:\\\/\\\/light24.net\\\/fi\\\/toode\\\/siseruumide_valgustid\\\/pinnapealsed-allvalgustid\\\/pinnapealne-allvalgusti-papiko-ip65\\\/#productImage\",\"width\":360,\"height\":360},\"offers\":{\"@type\":\"Offer\",\"url\":\"https:\\\/\\\/light24.net\\\/fi\\\/toode\\\/siseruumide_valgustid\\\/pinnapealsed-allvalgustid\\\/pinnapealne-allvalgusti-papiko-ip65\\\/#wooCommerceOffer\",\"price\":\"29\",\"priceCurrency\":\"EUR\",\"category\":\"Sis\\u00e4valaisimet\",\"availability\":\"https:\\\/\\\/schema.org\\\/InStock\",\"priceSpecification\":{\"@type\":\"PriceSpecification\",\"price\":29,\"priceCurrency\":\"EUR\",\"valueAddedTaxIncluded\":\"true\"}}},{\"@type\":\"Product\",\"@id\":\"https:\\\/\\\/light24.net\\\/fi\\\/toode\\\/siseruumide_valgustid\\\/pinnapealsed-allvalgustid\\\/pinnapealne-allvalgusti-papiko-ip65\\\/#wooCommerceProduct\",\"name\":\"Papiko IP65 - must\",\"url\":\"https:\\\/\\\/light24.net\\\/fi\\\/toode\\\/siseruumide_valgustid\\\/pinnapealsed-allvalgustid\\\/pinnapealne-allvalgusti-papiko-ip65\\\/\",\"sku\":\"AZZ11512\",\"image\":{\"@type\":\"ImageObject\",\"url\":\"https:\\\/\\\/light24.net\\\/wp-content\\\/uploads\\\/2021\\\/12\\\/papiko1.jpg\",\"@id\":\"https:\\\/\\\/light24.net\\\/fi\\\/toode\\\/siseruumide_valgustid\\\/pinnapealsed-allvalgustid\\\/pinnapealne-allvalgusti-papiko-ip65\\\/#productImage\",\"width\":310,\"height\":310},\"offers\":{\"@type\":\"Offer\",\"url\":\"https:\\\/\\\/light24.net\\\/fi\\\/toode\\\/siseruumide_valgustid\\\/pinnapealsed-allvalgustid\\\/pinnapealne-allvalgusti-papiko-ip65\\\/#wooCommerceOffer\",\"price\":\"29\",\"priceCurrency\":\"EUR\",\"category\":\"Sis\\u00e4valaisimet\",\"availability\":\"https:\\\/\\\/schema.org\\\/InStock\",\"priceSpecification\":{\"@type\":\"PriceSpecification\",\"price\":29,\"priceCurrency\":\"EUR\",\"valueAddedTaxIncluded\":\"true\"}}}]},{\"@type\":\"WebPage\",\"@id\":\"https:\\\/\\\/light24.net\\\/fi\\\/toode\\\/siseruumide_valgustid\\\/pinnapealsed-allvalgustid\\\/pinnapealne-allvalgusti-papiko-ip65\\\/#webpage\",\"url\":\"https:\\\/\\\/light24.net\\\/fi\\\/toode\\\/siseruumide_valgustid\\\/pinnapealsed-allvalgustid\\\/pinnapealne-allvalgusti-papiko-ip65\\\/\",\"name\":\"Papiko IP65 \\u2022 Light24\",\"description\":\"Anteeksi, mutta t\\u00e4m\\u00e4 kirjoitus on saatavana ainoastaan n\\u00e4ill\\u00e4 kielill\\u00e4: Eesti.\",\"inLanguage\":\"fi\",\"isPartOf\":{\"@id\":\"https:\\\/\\\/light24.net\\\/fi\\\/#website\"},\"breadcrumb\":{\"@id\":\"https:\\\/\\\/light24.net\\\/fi\\\/toode\\\/siseruumide_valgustid\\\/pinnapealsed-allvalgustid\\\/pinnapealne-allvalgusti-papiko-ip65\\\/#breadcrumblist\"},\"image\":{\"@type\":\"ImageObject\",\"url\":\"https:\\\/\\\/light24.net\\\/wp-content\\\/uploads\\\/2021\\\/12\\\/papiko1.jpg\",\"@id\":\"https:\\\/\\\/light24.net\\\/fi\\\/toode\\\/siseruumide_valgustid\\\/pinnapealsed-allvalgustid\\\/pinnapealne-allvalgusti-papiko-ip65\\\/#mainImage\",\"width\":310,\"height\":310},\"primaryImageOfPage\":{\"@id\":\"https:\\\/\\\/light24.net\\\/fi\\\/toode\\\/siseruumide_valgustid\\\/pinnapealsed-allvalgustid\\\/pinnapealne-allvalgusti-papiko-ip65\\\/#mainImage\"},\"datePublished\":\"2021-12-07T13:47:42+02:00\",\"dateModified\":\"2024-09-06T14:17:30+03:00\"},{\"@type\":\"WebSite\",\"@id\":\"https:\\\/\\\/light24.net\\\/fi\\\/#website\",\"url\":\"https:\\\/\\\/light24.net\\\/fi\\\/\",\"name\":\"Light24\",\"description\":\"Valon tavaratalo | Ammatillinen valaistusratkaisut\",\"inLanguage\":\"fi\",\"publisher\":{\"@id\":\"https:\\\/\\\/light24.net\\\/fi\\\/#organization\"}}]}\n\t\t<\/script>\n\t\t<!-- All in One SEO Pro -->\r\n\t\t<title>Papiko IP65 \u2022 Light24<\/title>\n\n","aioseo_head_json":{"title":"Papiko IP65 \u2022 Light24","description":"Anteeksi, mutta t\u00e4m\u00e4 kirjoitus on saatavana ainoastaan n\u00e4ill\u00e4 kielill\u00e4: Eesti.","canonical_url":"https:\/\/light24.net\/fi\/toode\/siseruumide_valgustid\/pinnapealsed-allvalgustid\/pinnapealne-allvalgusti-papiko-ip65\/","robots":"max-image-preview:large","keywords":"","webmasterTools":{"google-site-verification":"nxgDPK3Ouk6bwvuxlwlzeMOKszmf-8m57RDu5zAgN-Y","miscellaneous":""},"schema":{"@context":"https:\/\/schema.org","@graph":[{"@type":"BreadcrumbList","@id":"https:\/\/light24.net\/fi\/toode\/siseruumide_valgustid\/pinnapealsed-allvalgustid\/pinnapealne-allvalgusti-papiko-ip65\/#breadcrumblist","itemListElement":[{"@type":"ListItem","@id":"https:\/\/light24.net\/fi#listItem","position":1,"name":"Home","item":"https:\/\/light24.net\/fi","nextItem":{"@type":"ListItem","@id":"https:\/\/light24.net\/fi\/shop\/#listItem","name":"Verkkokauppa"}},{"@type":"ListItem","@id":"https:\/\/light24.net\/fi\/shop\/#listItem","position":2,"name":"Verkkokauppa","item":"https:\/\/light24.net\/fi\/shop\/","nextItem":{"@type":"ListItem","@id":"https:\/\/light24.net\/fi\/product-category\/siseruumide_valgustid\/#listItem","name":"Sis\u00e4valaisimet"},"previousItem":{"@type":"ListItem","@id":"https:\/\/light24.net\/fi#listItem","name":"Home"}},{"@type":"ListItem","@id":"https:\/\/light24.net\/fi\/product-category\/siseruumide_valgustid\/#listItem","position":3,"name":"Sis\u00e4valaisimet","item":"https:\/\/light24.net\/fi\/product-category\/siseruumide_valgustid\/","nextItem":{"@type":"ListItem","@id":"https:\/\/light24.net\/fi\/product-category\/siseruumide_valgustid\/pinnapealsed-allvalgustid\/#listItem","name":"Pinta asennettavat alasvalot"},"previousItem":{"@type":"ListItem","@id":"https:\/\/light24.net\/fi\/shop\/#listItem","name":"Verkkokauppa"}},{"@type":"ListItem","@id":"https:\/\/light24.net\/fi\/product-category\/siseruumide_valgustid\/pinnapealsed-allvalgustid\/#listItem","position":4,"name":"Pinta asennettavat alasvalot","item":"https:\/\/light24.net\/fi\/product-category\/siseruumide_valgustid\/pinnapealsed-allvalgustid\/","nextItem":{"@type":"ListItem","@id":"https:\/\/light24.net\/fi\/toode\/siseruumide_valgustid\/pinnapealsed-allvalgustid\/pinnapealne-allvalgusti-papiko-ip65\/#listItem","name":"Papiko IP65"},"previousItem":{"@type":"ListItem","@id":"https:\/\/light24.net\/fi\/product-category\/siseruumide_valgustid\/#listItem","name":"Sis\u00e4valaisimet"}},{"@type":"ListItem","@id":"https:\/\/light24.net\/fi\/toode\/siseruumide_valgustid\/pinnapealsed-allvalgustid\/pinnapealne-allvalgusti-papiko-ip65\/#listItem","position":5,"name":"Papiko IP65","previousItem":{"@type":"ListItem","@id":"https:\/\/light24.net\/fi\/product-category\/siseruumide_valgustid\/pinnapealsed-allvalgustid\/#listItem","name":"Pinta asennettavat alasvalot"}}]},{"@type":"Organization","@id":"https:\/\/light24.net\/fi\/#organization","name":"Light24","description":"Valon tavaratalo | Ammatillinen valaistusratkaisut","url":"https:\/\/light24.net\/fi\/","telephone":"+3725184133","logo":{"@type":"ImageObject","url":"https:\/\/www.light24.ee\/wp-content\/uploads\/2022\/03\/Shape-2-3.svg","@id":"https:\/\/light24.net\/fi\/toode\/siseruumide_valgustid\/pinnapealsed-allvalgustid\/pinnapealne-allvalgusti-papiko-ip65\/#organizationLogo"},"image":{"@id":"https:\/\/light24.net\/fi\/toode\/siseruumide_valgustid\/pinnapealsed-allvalgustid\/pinnapealne-allvalgusti-papiko-ip65\/#organizationLogo"},"sameAs":["https:\/\/www.facebook.com\/light24.ee","https:\/\/www.instagram.com\/light24official\/"]},{"@type":"ProductGroup","@id":"https:\/\/light24.net\/fi\/toode\/siseruumide_valgustid\/pinnapealsed-allvalgustid\/pinnapealne-allvalgusti-papiko-ip65\/#wooCommerceProduct","name":"Papiko IP65","url":"https:\/\/light24.net\/fi\/toode\/siseruumide_valgustid\/pinnapealsed-allvalgustid\/pinnapealne-allvalgusti-papiko-ip65\/","sku":"AZZ11512","image":{"@type":"ImageObject","url":"https:\/\/light24.net\/wp-content\/uploads\/2021\/12\/papiko1.jpg","@id":"https:\/\/light24.net\/fi\/toode\/siseruumide_valgustid\/pinnapealsed-allvalgustid\/pinnapealne-allvalgusti-papiko-ip65\/#productImage","width":310,"height":310},"productGroupID":94944,"hasVariant":[{"@type":"Product","@id":"https:\/\/light24.net\/fi\/toode\/siseruumide_valgustid\/pinnapealsed-allvalgustid\/pinnapealne-allvalgusti-papiko-ip65\/#wooCommerceProduct","name":"Papiko IP65 - valge","url":"https:\/\/light24.net\/fi\/toode\/siseruumide_valgustid\/pinnapealsed-allvalgustid\/pinnapealne-allvalgusti-papiko-ip65\/","sku":"AZZ11512","image":{"@type":"ImageObject","url":"https:\/\/light24.net\/wp-content\/uploads\/2021\/12\/papiko.jpg","@id":"https:\/\/light24.net\/fi\/toode\/siseruumide_valgustid\/pinnapealsed-allvalgustid\/pinnapealne-allvalgusti-papiko-ip65\/#productImage","width":360,"height":360},"offers":{"@type":"Offer","url":"https:\/\/light24.net\/fi\/toode\/siseruumide_valgustid\/pinnapealsed-allvalgustid\/pinnapealne-allvalgusti-papiko-ip65\/#wooCommerceOffer","price":"29","priceCurrency":"EUR","category":"Sis\u00e4valaisimet","availability":"https:\/\/schema.org\/InStock","priceSpecification":{"@type":"PriceSpecification","price":29,"priceCurrency":"EUR","valueAddedTaxIncluded":"true"}}},{"@type":"Product","@id":"https:\/\/light24.net\/fi\/toode\/siseruumide_valgustid\/pinnapealsed-allvalgustid\/pinnapealne-allvalgusti-papiko-ip65\/#wooCommerceProduct","name":"Papiko IP65 - must","url":"https:\/\/light24.net\/fi\/toode\/siseruumide_valgustid\/pinnapealsed-allvalgustid\/pinnapealne-allvalgusti-papiko-ip65\/","sku":"AZZ11512","image":{"@type":"ImageObject","url":"https:\/\/light24.net\/wp-content\/uploads\/2021\/12\/papiko1.jpg","@id":"https:\/\/light24.net\/fi\/toode\/siseruumide_valgustid\/pinnapealsed-allvalgustid\/pinnapealne-allvalgusti-papiko-ip65\/#productImage","width":310,"height":310},"offers":{"@type":"Offer","url":"https:\/\/light24.net\/fi\/toode\/siseruumide_valgustid\/pinnapealsed-allvalgustid\/pinnapealne-allvalgusti-papiko-ip65\/#wooCommerceOffer","price":"29","priceCurrency":"EUR","category":"Sis\u00e4valaisimet","availability":"https:\/\/schema.org\/InStock","priceSpecification":{"@type":"PriceSpecification","price":29,"priceCurrency":"EUR","valueAddedTaxIncluded":"true"}}}]},{"@type":"WebPage","@id":"https:\/\/light24.net\/fi\/toode\/siseruumide_valgustid\/pinnapealsed-allvalgustid\/pinnapealne-allvalgusti-papiko-ip65\/#webpage","url":"https:\/\/light24.net\/fi\/toode\/siseruumide_valgustid\/pinnapealsed-allvalgustid\/pinnapealne-allvalgusti-papiko-ip65\/","name":"Papiko IP65 \u2022 Light24","description":"Anteeksi, mutta t\u00e4m\u00e4 kirjoitus on saatavana ainoastaan n\u00e4ill\u00e4 kielill\u00e4: Eesti.","inLanguage":"fi","isPartOf":{"@id":"https:\/\/light24.net\/fi\/#website"},"breadcrumb":{"@id":"https:\/\/light24.net\/fi\/toode\/siseruumide_valgustid\/pinnapealsed-allvalgustid\/pinnapealne-allvalgusti-papiko-ip65\/#breadcrumblist"},"image":{"@type":"ImageObject","url":"https:\/\/light24.net\/wp-content\/uploads\/2021\/12\/papiko1.jpg","@id":"https:\/\/light24.net\/fi\/toode\/siseruumide_valgustid\/pinnapealsed-allvalgustid\/pinnapealne-allvalgusti-papiko-ip65\/#mainImage","width":310,"height":310},"primaryImageOfPage":{"@id":"https:\/\/light24.net\/fi\/toode\/siseruumide_valgustid\/pinnapealsed-allvalgustid\/pinnapealne-allvalgusti-papiko-ip65\/#mainImage"},"datePublished":"2021-12-07T13:47:42+02:00","dateModified":"2024-09-06T14:17:30+03:00"},{"@type":"WebSite","@id":"https:\/\/light24.net\/fi\/#website","url":"https:\/\/light24.net\/fi\/","name":"Light24","description":"Valon tavaratalo | Ammatillinen valaistusratkaisut","inLanguage":"fi","publisher":{"@id":"https:\/\/light24.net\/fi\/#organization"}}]},"og:locale":"fi_FI","og:site_name":"Light24 \u2022 Valon tavaratalo | Ammatillinen valaistusratkaisut","og:type":"article","og:title":"Papiko IP65 \u2022 Light24","og:description":"Anteeksi, mutta t\u00e4m\u00e4 kirjoitus on saatavana ainoastaan n\u00e4ill\u00e4 kielill\u00e4: Eesti.","og:url":"https:\/\/light24.net\/fi\/toode\/siseruumide_valgustid\/pinnapealsed-allvalgustid\/pinnapealne-allvalgusti-papiko-ip65\/","og:image":"https:\/\/light24.net\/wp-content\/uploads\/2021\/12\/papiko1.jpg","og:image:secure_url":"https:\/\/light24.net\/wp-content\/uploads\/2021\/12\/papiko1.jpg","og:image:width":310,"og:image:height":310,"article:published_time":"2021-12-07T11:47:42+00:00","article:modified_time":"2024-09-06T11:17:30+00:00","article:publisher":"https:\/\/www.facebook.com\/light24.ee","twitter:card":"summary","twitter:title":"Papiko IP65 \u2022 Light24","twitter:description":"Anteeksi, mutta t\u00e4m\u00e4 kirjoitus on saatavana ainoastaan n\u00e4ill\u00e4 kielill\u00e4: Eesti.","twitter:image":"https:\/\/light24.net\/wp-content\/uploads\/2021\/12\/papiko1.jpg"},"aioseo_meta_data":{"post_id":"94944","title":null,"description":null,"keywords":null,"keyphrases":{"focus":{"keyphrase":"","score":0,"analysis":{"keyphraseInTitle":{"score":0,"maxScore":9,"error":1}}},"additional":[]},"primary_term":null,"canonical_url":null,"og_title":null,"og_description":null,"og_object_type":"default","og_image_type":"default","og_image_url":null,"og_image_width":null,"og_image_height":null,"og_image_custom_url":null,"og_image_custom_fields":null,"og_video":"","og_custom_url":null,"og_article_section":null,"og_article_tags":null,"twitter_use_og":false,"twitter_card":"default","twitter_image_type":"default","twitter_image_url":null,"twitter_image_custom_url":null,"twitter_image_custom_fields":null,"twitter_title":null,"twitter_description":null,"schema":{"blockGraphs":[],"customGraphs":[],"default":{"data":{"Article":[],"Course":[],"Dataset":[],"FAQPage":[],"Movie":[],"Person":[],"Product":[],"ProductReview":[],"Car":[],"Recipe":[],"Service":[],"SoftwareApplication":[],"WebPage":[]},"graphName":"ItemPage","isEnabled":true},"graphs":[],"defaultGraph":"WebPage","defaultPostTypeGraph":""},"schema_type":"default","schema_type_options":"{\"article\":{\"articleType\":\"BlogPosting\"},\"course\":{\"name\":\"\",\"description\":\"\",\"provider\":\"\"},\"faq\":{\"pages\":[]},\"product\":{\"reviews\":[]},\"recipe\":{\"ingredients\":[],\"instructions\":[],\"keywords\":[]},\"software\":{\"reviews\":[],\"operatingSystems\":[]},\"webPage\":{\"webPageType\":\"WebPage\"}}","pillar_content":false,"robots_default":true,"robots_noindex":false,"robots_noarchive":false,"robots_nosnippet":false,"robots_nofollow":false,"robots_noimageindex":false,"robots_noodp":false,"robots_notranslate":false,"robots_max_snippet":"-1","robots_max_videopreview":"-1","robots_max_imagepreview":"large","priority":null,"frequency":"default","local_seo":null,"seo_analyzer_scan_date":"2025-10-27 02:47:25","breadcrumb_settings":null,"limit_modified_date":false,"reviewed_by":null,"open_ai":"{\"title\":{\"suggestions\":[],\"usage\":0},\"description\":{\"suggestions\":[],\"usage\":0}}","ai":null,"created":"2022-02-17 17:04:02","updated":"2025-10-27 02:47:25"},"aioseo_breadcrumb":"<div class=\"aioseo-breadcrumbs\"><span class=\"aioseo-breadcrumb\">\n\t<a href=\"https:\/\/light24.net\/fi\" title=\"Home\">Home<\/a>\n<\/span><span class=\"aioseo-breadcrumb-separator\">&raquo;<\/span><span class=\"aioseo-breadcrumb\">\n\t<a href=\"https:\/\/light24.net\/fi\/shop\/\" title=\"Verkkokauppa\">Verkkokauppa<\/a>\n<\/span><span class=\"aioseo-breadcrumb-separator\">&raquo;<\/span><span class=\"aioseo-breadcrumb\">\n\t<a href=\"https:\/\/light24.net\/fi\/product-category\/siseruumide_valgustid\/\" title=\"Sis\u00e4valaisimet\">Sis\u00e4valaisimet<\/a>\n<\/span><span class=\"aioseo-breadcrumb-separator\">&raquo;<\/span><span class=\"aioseo-breadcrumb\">\n\t<a href=\"https:\/\/light24.net\/fi\/product-category\/siseruumide_valgustid\/pinnapealsed-allvalgustid\/\" title=\"Pinta asennettavat alasvalot\">Pinta asennettavat alasvalot<\/a>\n<\/span><span class=\"aioseo-breadcrumb-separator\">&raquo;<\/span><span class=\"aioseo-breadcrumb\">\n\tPapiko IP65\n<\/span><\/div>","aioseo_breadcrumb_json":[{"label":"Home","link":"https:\/\/light24.net\/fi"},{"label":"Verkkokauppa","link":"https:\/\/light24.net\/fi\/shop\/"},{"label":"Sis\u00e4valaisimet","link":"https:\/\/light24.net\/fi\/product-category\/siseruumide_valgustid\/"},{"label":"Pinta asennettavat alasvalot","link":"https:\/\/light24.net\/fi\/product-category\/siseruumide_valgustid\/pinnapealsed-allvalgustid\/"},{"label":"Papiko IP65","link":"https:\/\/light24.net\/fi\/toode\/siseruumide_valgustid\/pinnapealsed-allvalgustid\/pinnapealne-allvalgusti-papiko-ip65\/"}],"_links":{"self":[{"href":"https:\/\/light24.net\/fi\/wp-json\/wp\/v2\/product\/94944","targetHints":{"allow":["GET"]}}],"collection":[{"href":"https:\/\/light24.net\/fi\/wp-json\/wp\/v2\/product"}],"about":[{"href":"https:\/\/light24.net\/fi\/wp-json\/wp\/v2\/types\/product"}],"replies":[{"embeddable":true,"href":"https:\/\/light24.net\/fi\/wp-json\/wp\/v2\/comments?post=94944"}],"wp:featuredmedia":[{"embeddable":true,"href":"https:\/\/light24.net\/fi\/wp-json\/wp\/v2\/media\/94950"}],"wp:attachment":[{"href":"https:\/\/light24.net\/fi\/wp-json\/wp\/v2\/media?parent=94944"}],"wp:term":[{"taxonomy":"product_cat","embeddable":true,"href":"https:\/\/light24.net\/fi\/wp-json\/wp\/v2\/product_cat?post=94944"},{"taxonomy":"product_tag","embeddable":true,"href":"https:\/\/light24.net\/fi\/wp-json\/wp\/v2\/product_tag?post=94944"}],"curies":[{"name":"wp","href":"https:\/\/api.w.org\/{rel}","templated":true}]}}