{"id":28920,"date":"2022-11-19T08:55:07","date_gmt":"2022-11-19T06:55:07","guid":{"rendered":"http:\/\/www.light24.ee\/?post_type=product&#038;p=28920"},"modified":"2024-11-26T22:36:39","modified_gmt":"2024-11-26T20:36:39","slug":"rena","status":"publish","type":"product","link":"https:\/\/light24.net\/lv\/toode\/valisvalgustid\/valis-suvisvalgustid\/rena\/","title":{"rendered":"RENA"},"content":{"rendered":"<p>&nbsp;<\/p>\n<p>&nbsp;<\/p>\n<p>&nbsp;<\/p>","protected":false},"excerpt":{"rendered":"<p>&nbsp; &nbsp; &nbsp;<\/p>\n","protected":false},"featured_media":28923,"comment_status":"closed","ping_status":"closed","template":"","meta":{"_acf_changed":false},"product_cat":[2903,2921,7829],"product_tag":[1557],"class_list":{"0":"post-28920","1":"product","2":"type-product","3":"status-publish","4":"has-post-thumbnail","6":"product_cat-valisvalgustid","7":"product_cat-valis-suvisvalgustid","8":"product_cat-arhitektuursed-valisvalgustid","9":"product_tag-norlys","10":"product_shipping_class-small","11":"pa_ip-kaitseklass-ik09","12":"pa_ip-kaitseklass-2070","13":"pa_materjal-alumiinium","14":"pa_materjal-klaas","15":"pa_materjal-roostevaba-teras","16":"pa_otstarve-valis-maapinna-suvisvalgusti","17":"pa_tarneaeg-10-paeva","18":"pa_tehnilised-andmed-8w-led-gu10","19":"pa_varv-labipaistev","20":"pa_varv-suitsune","21":"pa_viimistlus-roostevaba-teras","23":"first","24":"instock","25":"sale","26":"taxable","27":"shipping-taxable","28":"purchasable","29":"product-type-variable"},"acf":[],"aioseo_notices":[],"aioseo_head":"\n\t\t<!-- All in One SEO Pro 4.9.6.2 - aioseo.com -->\n\t<meta name=\"robots\" content=\"max-image-preview:large\" \/>\n\t<meta name=\"google-site-verification\" content=\"nxgDPK3Ouk6bwvuxlwlzeMOKszmf-8m57RDu5zAgN-Y\" \/>\n\t<link rel=\"canonical\" href=\"https:\/\/light24.net\/lv\/toode\/valisvalgustid\/valis-suvisvalgustid\/rena\/\" \/>\n\t<meta name=\"generator\" content=\"All in One SEO Pro (AIOSEO) 4.9.6.2\" \/>\n\t\t<meta property=\"og:locale\" content=\"lv_LV\" \/>\n\t\t<meta property=\"og:site_name\" content=\"Light24 \u2022 Apgaismojums | E-veikals\" \/>\n\t\t<meta property=\"og:type\" content=\"article\" \/>\n\t\t<meta property=\"og:title\" content=\"RENA \u2022 Light24\" \/>\n\t\t<meta property=\"og:url\" content=\"https:\/\/light24.net\/lv\/toode\/valisvalgustid\/valis-suvisvalgustid\/rena\/\" \/>\n\t\t<meta property=\"og:image\" content=\"https:\/\/light24.net\/wp-content\/uploads\/2016\/02\/nor11030-2.jpg\" \/>\n\t\t<meta property=\"og:image:secure_url\" content=\"https:\/\/light24.net\/wp-content\/uploads\/2016\/02\/nor11030-2.jpg\" \/>\n\t\t<meta property=\"og:image:width\" content=\"632\" \/>\n\t\t<meta property=\"og:image:height\" content=\"632\" \/>\n\t\t<meta property=\"article:published_time\" content=\"2022-11-19T06:55:07+00:00\" \/>\n\t\t<meta property=\"article:modified_time\" content=\"2024-11-26T20:36:39+00:00\" \/>\n\t\t<meta property=\"article:publisher\" content=\"https:\/\/www.facebook.com\/light24.ee\" \/>\n\t\t<meta name=\"twitter:card\" content=\"summary\" \/>\n\t\t<meta name=\"twitter:title\" content=\"RENA \u2022 Light24\" \/>\n\t\t<meta name=\"twitter:image\" content=\"https:\/\/light24.net\/wp-content\/uploads\/2016\/02\/nor11030-2.jpg\" \/>\n\t\t<script type=\"application\/ld+json\" class=\"aioseo-schema\">\n\t\t\t{\"@context\":\"https:\\\/\\\/schema.org\",\"@graph\":[{\"@type\":\"BreadcrumbList\",\"@id\":\"https:\\\/\\\/light24.net\\\/lv\\\/toode\\\/valisvalgustid\\\/valis-suvisvalgustid\\\/rena\\\/#breadcrumblist\",\"itemListElement\":[{\"@type\":\"ListItem\",\"@id\":\"https:\\\/\\\/light24.net\\\/lv#listItem\",\"position\":1,\"name\":\"Home\",\"item\":\"https:\\\/\\\/light24.net\\\/lv\",\"nextItem\":{\"@type\":\"ListItem\",\"@id\":\"https:\\\/\\\/light24.net\\\/lv\\\/shop\\\/#listItem\",\"name\":\"E-veikals\"}},{\"@type\":\"ListItem\",\"@id\":\"https:\\\/\\\/light24.net\\\/lv\\\/shop\\\/#listItem\",\"position\":2,\"name\":\"E-veikals\",\"item\":\"https:\\\/\\\/light24.net\\\/lv\\\/shop\\\/\",\"nextItem\":{\"@type\":\"ListItem\",\"@id\":\"https:\\\/\\\/light24.net\\\/lv\\\/product-category\\\/valisvalgustid\\\/#listItem\",\"name\":\"\\u0100ra gaismek\\u013ci\"},\"previousItem\":{\"@type\":\"ListItem\",\"@id\":\"https:\\\/\\\/light24.net\\\/lv#listItem\",\"name\":\"Home\"}},{\"@type\":\"ListItem\",\"@id\":\"https:\\\/\\\/light24.net\\\/lv\\\/product-category\\\/valisvalgustid\\\/#listItem\",\"position\":3,\"name\":\"\\u0100ra gaismek\\u013ci\",\"item\":\"https:\\\/\\\/light24.net\\\/lv\\\/product-category\\\/valisvalgustid\\\/\",\"nextItem\":{\"@type\":\"ListItem\",\"@id\":\"https:\\\/\\\/light24.net\\\/lv\\\/product-category\\\/valisvalgustid\\\/valis-suvisvalgustid\\\/#listItem\",\"name\":\"\\u0100ra ieb\\u016bv\\u0113tie gaismek\\u013ci\"},\"previousItem\":{\"@type\":\"ListItem\",\"@id\":\"https:\\\/\\\/light24.net\\\/lv\\\/shop\\\/#listItem\",\"name\":\"E-veikals\"}},{\"@type\":\"ListItem\",\"@id\":\"https:\\\/\\\/light24.net\\\/lv\\\/product-category\\\/valisvalgustid\\\/valis-suvisvalgustid\\\/#listItem\",\"position\":4,\"name\":\"\\u0100ra ieb\\u016bv\\u0113tie gaismek\\u013ci\",\"item\":\"https:\\\/\\\/light24.net\\\/lv\\\/product-category\\\/valisvalgustid\\\/valis-suvisvalgustid\\\/\",\"nextItem\":{\"@type\":\"ListItem\",\"@id\":\"https:\\\/\\\/light24.net\\\/lv\\\/toode\\\/valisvalgustid\\\/valis-suvisvalgustid\\\/rena\\\/#listItem\",\"name\":\"RENA\"},\"previousItem\":{\"@type\":\"ListItem\",\"@id\":\"https:\\\/\\\/light24.net\\\/lv\\\/product-category\\\/valisvalgustid\\\/#listItem\",\"name\":\"\\u0100ra gaismek\\u013ci\"}},{\"@type\":\"ListItem\",\"@id\":\"https:\\\/\\\/light24.net\\\/lv\\\/toode\\\/valisvalgustid\\\/valis-suvisvalgustid\\\/rena\\\/#listItem\",\"position\":5,\"name\":\"RENA\",\"previousItem\":{\"@type\":\"ListItem\",\"@id\":\"https:\\\/\\\/light24.net\\\/lv\\\/product-category\\\/valisvalgustid\\\/valis-suvisvalgustid\\\/#listItem\",\"name\":\"\\u0100ra ieb\\u016bv\\u0113tie gaismek\\u013ci\"}}]},{\"@type\":\"Organization\",\"@id\":\"https:\\\/\\\/light24.net\\\/lv\\\/#organization\",\"name\":\"Light24\",\"description\":\"Apgaismojums | E-veikals\",\"url\":\"https:\\\/\\\/light24.net\\\/lv\\\/\",\"telephone\":\"+3725184133\",\"logo\":{\"@type\":\"ImageObject\",\"url\":\"https:\\\/\\\/www.light24.ee\\\/wp-content\\\/uploads\\\/2022\\\/03\\\/Shape-2-3.svg\",\"@id\":\"https:\\\/\\\/light24.net\\\/lv\\\/toode\\\/valisvalgustid\\\/valis-suvisvalgustid\\\/rena\\\/#organizationLogo\"},\"image\":{\"@id\":\"https:\\\/\\\/light24.net\\\/lv\\\/toode\\\/valisvalgustid\\\/valis-suvisvalgustid\\\/rena\\\/#organizationLogo\"},\"sameAs\":[\"https:\\\/\\\/www.facebook.com\\\/light24.ee\",\"https:\\\/\\\/www.instagram.com\\\/light24official\\\/\"]},{\"@type\":\"ProductGroup\",\"@id\":\"https:\\\/\\\/light24.net\\\/lv\\\/toode\\\/valisvalgustid\\\/valis-suvisvalgustid\\\/rena\\\/#wooCommerceProduct\",\"name\":\"RENA\",\"url\":\"https:\\\/\\\/light24.net\\\/lv\\\/toode\\\/valisvalgustid\\\/valis-suvisvalgustid\\\/rena\\\/\",\"sku\":\"NOR11030\",\"image\":{\"@type\":\"ImageObject\",\"url\":\"https:\\\/\\\/light24.net\\\/wp-content\\\/uploads\\\/2016\\\/02\\\/nor11030-2.jpg\",\"@id\":\"https:\\\/\\\/light24.net\\\/lv\\\/toode\\\/valisvalgustid\\\/valis-suvisvalgustid\\\/rena\\\/#productImage\",\"width\":632,\"height\":632},\"productGroupID\":28920,\"hasVariant\":[{\"@type\":\"Product\",\"@id\":\"https:\\\/\\\/light24.net\\\/lv\\\/toode\\\/valisvalgustid\\\/valis-suvisvalgustid\\\/rena\\\/#wooCommerceProduct\",\"name\":\"RENA - labipaistev\",\"url\":\"https:\\\/\\\/light24.net\\\/lv\\\/toode\\\/valisvalgustid\\\/valis-suvisvalgustid\\\/rena\\\/\",\"sku\":\"NOR11030\",\"image\":{\"@type\":\"ImageObject\",\"url\":\"https:\\\/\\\/light24.net\\\/wp-content\\\/uploads\\\/2016\\\/02\\\/nor11030-2.jpg\",\"@id\":\"https:\\\/\\\/light24.net\\\/lv\\\/toode\\\/valisvalgustid\\\/valis-suvisvalgustid\\\/rena\\\/#productImage\",\"width\":632,\"height\":632},\"offers\":{\"@type\":\"Offer\",\"url\":\"https:\\\/\\\/light24.net\\\/lv\\\/toode\\\/valisvalgustid\\\/valis-suvisvalgustid\\\/rena\\\/#wooCommerceOffer\",\"price\":96.6,\"priceCurrency\":\"EUR\",\"category\":\"\\u0100ra gaismek\\u013ci\",\"availability\":\"https:\\\/\\\/schema.org\\\/InStock\",\"priceSpecification\":{\"@type\":\"PriceSpecification\",\"price\":96.6,\"priceCurrency\":\"EUR\",\"valueAddedTaxIncluded\":\"true\"}}},{\"@type\":\"Product\",\"@id\":\"https:\\\/\\\/light24.net\\\/lv\\\/toode\\\/valisvalgustid\\\/valis-suvisvalgustid\\\/rena\\\/#wooCommerceProduct\",\"name\":\"RENA - suitsune\",\"url\":\"https:\\\/\\\/light24.net\\\/lv\\\/toode\\\/valisvalgustid\\\/valis-suvisvalgustid\\\/rena\\\/\",\"sku\":\"NOR11030\",\"image\":{\"@type\":\"ImageObject\",\"url\":\"https:\\\/\\\/light24.net\\\/wp-content\\\/uploads\\\/2016\\\/02\\\/nor11030-2.jpg\",\"@id\":\"https:\\\/\\\/light24.net\\\/lv\\\/toode\\\/valisvalgustid\\\/valis-suvisvalgustid\\\/rena\\\/#productImage\",\"width\":632,\"height\":632},\"offers\":{\"@type\":\"Offer\",\"url\":\"https:\\\/\\\/light24.net\\\/lv\\\/toode\\\/valisvalgustid\\\/valis-suvisvalgustid\\\/rena\\\/#wooCommerceOffer\",\"price\":94.76,\"priceCurrency\":\"EUR\",\"category\":\"\\u0100ra gaismek\\u013ci\",\"availability\":\"https:\\\/\\\/schema.org\\\/InStock\",\"priceSpecification\":{\"@type\":\"PriceSpecification\",\"price\":94.76,\"priceCurrency\":\"EUR\",\"valueAddedTaxIncluded\":\"true\"}}}]},{\"@type\":\"WebPage\",\"@id\":\"https:\\\/\\\/light24.net\\\/lv\\\/toode\\\/valisvalgustid\\\/valis-suvisvalgustid\\\/rena\\\/#webpage\",\"url\":\"https:\\\/\\\/light24.net\\\/lv\\\/toode\\\/valisvalgustid\\\/valis-suvisvalgustid\\\/rena\\\/\",\"name\":\"RENA \\u2022 Light24\",\"inLanguage\":\"lv\",\"isPartOf\":{\"@id\":\"https:\\\/\\\/light24.net\\\/lv\\\/#website\"},\"breadcrumb\":{\"@id\":\"https:\\\/\\\/light24.net\\\/lv\\\/toode\\\/valisvalgustid\\\/valis-suvisvalgustid\\\/rena\\\/#breadcrumblist\"},\"image\":{\"@type\":\"ImageObject\",\"url\":\"https:\\\/\\\/light24.net\\\/wp-content\\\/uploads\\\/2016\\\/02\\\/nor11030-2.jpg\",\"@id\":\"https:\\\/\\\/light24.net\\\/lv\\\/toode\\\/valisvalgustid\\\/valis-suvisvalgustid\\\/rena\\\/#mainImage\",\"width\":632,\"height\":632},\"primaryImageOfPage\":{\"@id\":\"https:\\\/\\\/light24.net\\\/lv\\\/toode\\\/valisvalgustid\\\/valis-suvisvalgustid\\\/rena\\\/#mainImage\"},\"datePublished\":\"2022-11-19T08:55:07+02:00\",\"dateModified\":\"2024-11-26T22:36:39+02:00\"},{\"@type\":\"WebSite\",\"@id\":\"https:\\\/\\\/light24.net\\\/lv\\\/#website\",\"url\":\"https:\\\/\\\/light24.net\\\/lv\\\/\",\"name\":\"Light24\",\"description\":\"Apgaismojums | E-veikals\",\"inLanguage\":\"lv\",\"publisher\":{\"@id\":\"https:\\\/\\\/light24.net\\\/lv\\\/#organization\"}}]}\n\t\t<\/script>\n\t\t<!-- All in One SEO Pro -->\r\n\t\t<title>RENA \u2022 Light24<\/title>\n\n","aioseo_head_json":{"title":"RENA \u2022 Light24","description":"","canonical_url":"https:\/\/light24.net\/lv\/toode\/valisvalgustid\/valis-suvisvalgustid\/rena\/","robots":"max-image-preview:large","keywords":"","webmasterTools":{"google-site-verification":"nxgDPK3Ouk6bwvuxlwlzeMOKszmf-8m57RDu5zAgN-Y","miscellaneous":""},"schema":{"@context":"https:\/\/schema.org","@graph":[{"@type":"BreadcrumbList","@id":"https:\/\/light24.net\/lv\/toode\/valisvalgustid\/valis-suvisvalgustid\/rena\/#breadcrumblist","itemListElement":[{"@type":"ListItem","@id":"https:\/\/light24.net\/lv#listItem","position":1,"name":"Home","item":"https:\/\/light24.net\/lv","nextItem":{"@type":"ListItem","@id":"https:\/\/light24.net\/lv\/shop\/#listItem","name":"E-veikals"}},{"@type":"ListItem","@id":"https:\/\/light24.net\/lv\/shop\/#listItem","position":2,"name":"E-veikals","item":"https:\/\/light24.net\/lv\/shop\/","nextItem":{"@type":"ListItem","@id":"https:\/\/light24.net\/lv\/product-category\/valisvalgustid\/#listItem","name":"\u0100ra gaismek\u013ci"},"previousItem":{"@type":"ListItem","@id":"https:\/\/light24.net\/lv#listItem","name":"Home"}},{"@type":"ListItem","@id":"https:\/\/light24.net\/lv\/product-category\/valisvalgustid\/#listItem","position":3,"name":"\u0100ra gaismek\u013ci","item":"https:\/\/light24.net\/lv\/product-category\/valisvalgustid\/","nextItem":{"@type":"ListItem","@id":"https:\/\/light24.net\/lv\/product-category\/valisvalgustid\/valis-suvisvalgustid\/#listItem","name":"\u0100ra ieb\u016bv\u0113tie gaismek\u013ci"},"previousItem":{"@type":"ListItem","@id":"https:\/\/light24.net\/lv\/shop\/#listItem","name":"E-veikals"}},{"@type":"ListItem","@id":"https:\/\/light24.net\/lv\/product-category\/valisvalgustid\/valis-suvisvalgustid\/#listItem","position":4,"name":"\u0100ra ieb\u016bv\u0113tie gaismek\u013ci","item":"https:\/\/light24.net\/lv\/product-category\/valisvalgustid\/valis-suvisvalgustid\/","nextItem":{"@type":"ListItem","@id":"https:\/\/light24.net\/lv\/toode\/valisvalgustid\/valis-suvisvalgustid\/rena\/#listItem","name":"RENA"},"previousItem":{"@type":"ListItem","@id":"https:\/\/light24.net\/lv\/product-category\/valisvalgustid\/#listItem","name":"\u0100ra gaismek\u013ci"}},{"@type":"ListItem","@id":"https:\/\/light24.net\/lv\/toode\/valisvalgustid\/valis-suvisvalgustid\/rena\/#listItem","position":5,"name":"RENA","previousItem":{"@type":"ListItem","@id":"https:\/\/light24.net\/lv\/product-category\/valisvalgustid\/valis-suvisvalgustid\/#listItem","name":"\u0100ra ieb\u016bv\u0113tie gaismek\u013ci"}}]},{"@type":"Organization","@id":"https:\/\/light24.net\/lv\/#organization","name":"Light24","description":"Apgaismojums | E-veikals","url":"https:\/\/light24.net\/lv\/","telephone":"+3725184133","logo":{"@type":"ImageObject","url":"https:\/\/www.light24.ee\/wp-content\/uploads\/2022\/03\/Shape-2-3.svg","@id":"https:\/\/light24.net\/lv\/toode\/valisvalgustid\/valis-suvisvalgustid\/rena\/#organizationLogo"},"image":{"@id":"https:\/\/light24.net\/lv\/toode\/valisvalgustid\/valis-suvisvalgustid\/rena\/#organizationLogo"},"sameAs":["https:\/\/www.facebook.com\/light24.ee","https:\/\/www.instagram.com\/light24official\/"]},{"@type":"ProductGroup","@id":"https:\/\/light24.net\/lv\/toode\/valisvalgustid\/valis-suvisvalgustid\/rena\/#wooCommerceProduct","name":"RENA","url":"https:\/\/light24.net\/lv\/toode\/valisvalgustid\/valis-suvisvalgustid\/rena\/","sku":"NOR11030","image":{"@type":"ImageObject","url":"https:\/\/light24.net\/wp-content\/uploads\/2016\/02\/nor11030-2.jpg","@id":"https:\/\/light24.net\/lv\/toode\/valisvalgustid\/valis-suvisvalgustid\/rena\/#productImage","width":632,"height":632},"productGroupID":28920,"hasVariant":[{"@type":"Product","@id":"https:\/\/light24.net\/lv\/toode\/valisvalgustid\/valis-suvisvalgustid\/rena\/#wooCommerceProduct","name":"RENA - labipaistev","url":"https:\/\/light24.net\/lv\/toode\/valisvalgustid\/valis-suvisvalgustid\/rena\/","sku":"NOR11030","image":{"@type":"ImageObject","url":"https:\/\/light24.net\/wp-content\/uploads\/2016\/02\/nor11030-2.jpg","@id":"https:\/\/light24.net\/lv\/toode\/valisvalgustid\/valis-suvisvalgustid\/rena\/#productImage","width":632,"height":632},"offers":{"@type":"Offer","url":"https:\/\/light24.net\/lv\/toode\/valisvalgustid\/valis-suvisvalgustid\/rena\/#wooCommerceOffer","price":96.6,"priceCurrency":"EUR","category":"\u0100ra gaismek\u013ci","availability":"https:\/\/schema.org\/InStock","priceSpecification":{"@type":"PriceSpecification","price":96.6,"priceCurrency":"EUR","valueAddedTaxIncluded":"true"}}},{"@type":"Product","@id":"https:\/\/light24.net\/lv\/toode\/valisvalgustid\/valis-suvisvalgustid\/rena\/#wooCommerceProduct","name":"RENA - suitsune","url":"https:\/\/light24.net\/lv\/toode\/valisvalgustid\/valis-suvisvalgustid\/rena\/","sku":"NOR11030","image":{"@type":"ImageObject","url":"https:\/\/light24.net\/wp-content\/uploads\/2016\/02\/nor11030-2.jpg","@id":"https:\/\/light24.net\/lv\/toode\/valisvalgustid\/valis-suvisvalgustid\/rena\/#productImage","width":632,"height":632},"offers":{"@type":"Offer","url":"https:\/\/light24.net\/lv\/toode\/valisvalgustid\/valis-suvisvalgustid\/rena\/#wooCommerceOffer","price":94.76,"priceCurrency":"EUR","category":"\u0100ra gaismek\u013ci","availability":"https:\/\/schema.org\/InStock","priceSpecification":{"@type":"PriceSpecification","price":94.76,"priceCurrency":"EUR","valueAddedTaxIncluded":"true"}}}]},{"@type":"WebPage","@id":"https:\/\/light24.net\/lv\/toode\/valisvalgustid\/valis-suvisvalgustid\/rena\/#webpage","url":"https:\/\/light24.net\/lv\/toode\/valisvalgustid\/valis-suvisvalgustid\/rena\/","name":"RENA \u2022 Light24","inLanguage":"lv","isPartOf":{"@id":"https:\/\/light24.net\/lv\/#website"},"breadcrumb":{"@id":"https:\/\/light24.net\/lv\/toode\/valisvalgustid\/valis-suvisvalgustid\/rena\/#breadcrumblist"},"image":{"@type":"ImageObject","url":"https:\/\/light24.net\/wp-content\/uploads\/2016\/02\/nor11030-2.jpg","@id":"https:\/\/light24.net\/lv\/toode\/valisvalgustid\/valis-suvisvalgustid\/rena\/#mainImage","width":632,"height":632},"primaryImageOfPage":{"@id":"https:\/\/light24.net\/lv\/toode\/valisvalgustid\/valis-suvisvalgustid\/rena\/#mainImage"},"datePublished":"2022-11-19T08:55:07+02:00","dateModified":"2024-11-26T22:36:39+02:00"},{"@type":"WebSite","@id":"https:\/\/light24.net\/lv\/#website","url":"https:\/\/light24.net\/lv\/","name":"Light24","description":"Apgaismojums | E-veikals","inLanguage":"lv","publisher":{"@id":"https:\/\/light24.net\/lv\/#organization"}}]},"og:locale":"lv_LV","og:site_name":"Light24 \u2022 Apgaismojums | E-veikals","og:type":"article","og:title":"RENA \u2022 Light24","og:url":"https:\/\/light24.net\/lv\/toode\/valisvalgustid\/valis-suvisvalgustid\/rena\/","og:image":"https:\/\/light24.net\/wp-content\/uploads\/2016\/02\/nor11030-2.jpg","og:image:secure_url":"https:\/\/light24.net\/wp-content\/uploads\/2016\/02\/nor11030-2.jpg","og:image:width":632,"og:image:height":632,"article:published_time":"2022-11-19T06:55:07+00:00","article:modified_time":"2024-11-26T20:36:39+00:00","article:publisher":"https:\/\/www.facebook.com\/light24.ee","twitter:card":"summary","twitter:title":"RENA \u2022 Light24","twitter:image":"https:\/\/light24.net\/wp-content\/uploads\/2016\/02\/nor11030-2.jpg"},"aioseo_meta_data":{"post_id":"28920","title":null,"description":null,"keywords":null,"keyphrases":{"focus":{"keyphrase":"","score":0,"analysis":{"keyphraseInTitle":{"score":0,"maxScore":9,"error":1}}},"additional":[]},"primary_term":null,"canonical_url":null,"og_title":null,"og_description":null,"og_object_type":"default","og_image_type":"default","og_image_url":null,"og_image_width":null,"og_image_height":null,"og_image_custom_url":null,"og_image_custom_fields":null,"og_video":"","og_custom_url":null,"og_article_section":null,"og_article_tags":null,"twitter_use_og":false,"twitter_card":"default","twitter_image_type":"default","twitter_image_url":null,"twitter_image_custom_url":null,"twitter_image_custom_fields":null,"twitter_title":null,"twitter_description":null,"schema":{"blockGraphs":[],"customGraphs":[],"default":{"data":{"Article":[],"Course":[],"Dataset":[],"FAQPage":[],"Movie":[],"Person":[],"Product":[],"ProductReview":[],"Car":[],"Recipe":[],"Service":[],"SoftwareApplication":[],"WebPage":[]},"graphName":"Product","isEnabled":true},"graphs":[]},"schema_type":"default","schema_type_options":"{\"article\":{\"articleType\":\"BlogPosting\"},\"course\":{\"name\":\"\",\"description\":\"\",\"provider\":\"\"},\"faq\":{\"pages\":[]},\"product\":{\"reviews\":[]},\"recipe\":{\"ingredients\":[],\"instructions\":[],\"keywords\":[]},\"software\":{\"reviews\":[],\"operatingSystems\":[]},\"webPage\":{\"webPageType\":\"WebPage\"}}","pillar_content":false,"robots_default":true,"robots_noindex":false,"robots_noarchive":false,"robots_nosnippet":false,"robots_nofollow":false,"robots_noimageindex":false,"robots_noodp":false,"robots_notranslate":false,"robots_max_snippet":"-1","robots_max_videopreview":"-1","robots_max_imagepreview":"large","priority":null,"frequency":"default","local_seo":null,"seo_analyzer_scan_date":"2025-10-27 05:05:30","breadcrumb_settings":null,"limit_modified_date":false,"reviewed_by":null,"open_ai":"{\"title\":{\"suggestions\":[],\"usage\":0},\"description\":{\"suggestions\":[],\"usage\":0}}","ai":null,"created":"2022-02-17 15:20:44","updated":"2025-10-27 05:05:30"},"aioseo_breadcrumb":"<div class=\"aioseo-breadcrumbs\"><span class=\"aioseo-breadcrumb\">\n\t<a href=\"https:\/\/light24.net\/lv\" title=\"Home\">Home<\/a>\n<\/span><span class=\"aioseo-breadcrumb-separator\">&raquo;<\/span><span class=\"aioseo-breadcrumb\">\n\t<a href=\"https:\/\/light24.net\/lv\/shop\/\" title=\"E-veikals\">E-veikals<\/a>\n<\/span><span class=\"aioseo-breadcrumb-separator\">&raquo;<\/span><span class=\"aioseo-breadcrumb\">\n\t<a href=\"https:\/\/light24.net\/lv\/product-category\/valisvalgustid\/\" title=\"\u0100ra gaismek\u013ci\">\u0100ra gaismek\u013ci<\/a>\n<\/span><span class=\"aioseo-breadcrumb-separator\">&raquo;<\/span><span class=\"aioseo-breadcrumb\">\n\t<a href=\"https:\/\/light24.net\/lv\/product-category\/valisvalgustid\/valis-suvisvalgustid\/\" title=\"\u0100ra ieb\u016bv\u0113tie gaismek\u013ci\">\u0100ra ieb\u016bv\u0113tie gaismek\u013ci<\/a>\n<\/span><span class=\"aioseo-breadcrumb-separator\">&raquo;<\/span><span class=\"aioseo-breadcrumb\">\n\tRENA\n<\/span><\/div>","aioseo_breadcrumb_json":[{"label":"Home","link":"https:\/\/light24.net\/lv"},{"label":"E-veikals","link":"https:\/\/light24.net\/lv\/shop\/"},{"label":"\u0100ra gaismek\u013ci","link":"https:\/\/light24.net\/lv\/product-category\/valisvalgustid\/"},{"label":"\u0100ra ieb\u016bv\u0113tie gaismek\u013ci","link":"https:\/\/light24.net\/lv\/product-category\/valisvalgustid\/valis-suvisvalgustid\/"},{"label":"RENA","link":"https:\/\/light24.net\/lv\/toode\/valisvalgustid\/valis-suvisvalgustid\/rena\/"}],"_links":{"self":[{"href":"https:\/\/light24.net\/lv\/wp-json\/wp\/v2\/product\/28920","targetHints":{"allow":["GET"]}}],"collection":[{"href":"https:\/\/light24.net\/lv\/wp-json\/wp\/v2\/product"}],"about":[{"href":"https:\/\/light24.net\/lv\/wp-json\/wp\/v2\/types\/product"}],"replies":[{"embeddable":true,"href":"https:\/\/light24.net\/lv\/wp-json\/wp\/v2\/comments?post=28920"}],"wp:featuredmedia":[{"embeddable":true,"href":"https:\/\/light24.net\/lv\/wp-json\/wp\/v2\/media\/28923"}],"wp:attachment":[{"href":"https:\/\/light24.net\/lv\/wp-json\/wp\/v2\/media?parent=28920"}],"wp:term":[{"taxonomy":"product_cat","embeddable":true,"href":"https:\/\/light24.net\/lv\/wp-json\/wp\/v2\/product_cat?post=28920"},{"taxonomy":"product_tag","embeddable":true,"href":"https:\/\/light24.net\/lv\/wp-json\/wp\/v2\/product_tag?post=28920"}],"curies":[{"name":"wp","href":"https:\/\/api.w.org\/{rel}","templated":true}]}}